{"id":895,"date":"2024-02-06T12:13:17","date_gmt":"2024-02-06T11:13:17","guid":{"rendered":"https:\/\/martynacraft.com\/?page_id=895"},"modified":"2026-05-06T10:27:53","modified_gmt":"2026-05-06T08:27:53","slug":"warsztaty-eko-rekodzielnicze","status":"publish","type":"page","link":"https:\/\/martynacraft.com\/index.php\/warsztaty-eko-rekodzielnicze\/","title":{"rendered":"Warsztaty Eko-r\u0119kodzielnicze"},"content":{"rendered":"\t\t<div data-elementor-type=\"wp-page\" data-elementor-id=\"895\" class=\"elementor elementor-895\">\n\t\t\t\t<div class=\"elementor-element elementor-element-16d7846 e-flex e-con-boxed e-con e-parent\" data-id=\"16d7846\" data-element_type=\"container\" data-e-type=\"container\" data-settings=\"{&quot;background_background&quot;:&quot;classic&quot;}\">\n\t\t\t\t\t<div class=\"e-con-inner\">\n\t\t<div class=\"elementor-element elementor-element-2ef2f47 e-con-full e-flex e-con e-child\" data-id=\"2ef2f47\" data-element_type=\"container\" data-e-type=\"container\">\n\t\t\t\t<div class=\"elementor-element elementor-element-f45269c elementor-widget__width-inherit elementor-widget elementor-widget-heading\" data-id=\"f45269c\" data-element_type=\"widget\" data-e-type=\"widget\" data-widget_type=\"heading.default\">\n\t\t\t\t<div class=\"elementor-widget-container\">\n\t\t\t\t\t<h1 class=\"elementor-heading-title elementor-size-default\">Warsztaty Eko - r\u0119kodzielnicze<\/h1>\t\t\t\t<\/div>\n\t\t\t\t<\/div>\n\t\t\t\t<\/div>\n\t\t<div class=\"elementor-element elementor-element-f5449b5 e-con-full e-flex e-con e-child\" data-id=\"f5449b5\" data-element_type=\"container\" data-e-type=\"container\">\n\t\t\t\t<div class=\"elementor-element elementor-element-c7bf208 elementor-widget elementor-widget-text-editor\" data-id=\"c7bf208\" data-element_type=\"widget\" data-e-type=\"widget\" data-widget_type=\"text-editor.default\">\n\t\t\t\t<div class=\"elementor-widget-container\">\n\t\t\t\t\t\t\t\t\t<p><span style=\"font-weight: 400;\">Na warsztatach Eko &#8211; r\u0119kodzielniczych uczymy si\u0119 jak mo\u017cna przerobi\u0107 co\u015b niepotrzebnego w now\u0105 u\u017cyteczn\u0105 rzecz, czyli \u0142\u0105czymy warsztaty r\u0119kodzielnicze z warsztatami recyklingowymi. Warsztaty przybli\u017caj\u0105 ide\u0119 recyklingu i upcyklingu dzieciom i m\u0142odzie\u017cy. Celem jest pokazanie jak \u0142atwo na co dzie\u0144 mo\u017cna by\u0107 bardziej ekologicznym i lepiej dba\u0107 o nasze \u015brodowisko naturalne. Ka\u017cdy uczestnik przetworzy w\u0142asny \u201c\u015bmie\u0107\u201d w co\u015b nowego!<\/span><\/p>\t\t\t\t\t\t\t\t<\/div>\n\t\t\t\t<\/div>\n\t\t\t\t<div class=\"elementor-element elementor-element-8228219 elementor-widget elementor-widget-text-editor\" data-id=\"8228219\" data-element_type=\"widget\" data-e-type=\"widget\" data-widget_type=\"text-editor.default\">\n\t\t\t\t<div class=\"elementor-widget-container\">\n\t\t\t\t\t\t\t\t\t<p>Do ka\u017cdych warsztat\u00f3w zapewniam:<\/p>\t\t\t\t\t\t\t\t<\/div>\n\t\t\t\t<\/div>\n\t\t\t\t<div class=\"elementor-element elementor-element-c75845d elementor-widget elementor-widget-text-editor\" data-id=\"c75845d\" data-element_type=\"widget\" data-e-type=\"widget\" data-widget_type=\"text-editor.default\">\n\t\t\t\t<div class=\"elementor-widget-container\">\n\t\t\t\t\t\t\t\t\t<ul><li><span style=\"font-weight: 400;\">wszystkie niezb\u0119dne narz\u0119dzia<\/span><\/li><li><span style=\"font-weight: 400;\">dok\u0142adny instrukta\u017c<\/span><\/li><li><span style=\"font-weight: 400;\">umow\u0119 i faktur\u0119<\/span><\/li><\/ul>\t\t\t\t\t\t\t\t<\/div>\n\t\t\t\t<\/div>\n\t\t\t\t<div class=\"elementor-element elementor-element-07a5377 elementor-widget elementor-widget-text-editor\" data-id=\"07a5377\" data-element_type=\"widget\" data-e-type=\"widget\" data-widget_type=\"text-editor.default\">\n\t\t\t\t<div class=\"elementor-widget-container\">\n\t\t\t\t\t\t\t\t\t<p>Po Twojej stronie jest jedynie zapewnienie sto\u0142u i miejsc siedz\u0105cych dla uczestnik\u00f3w!<\/p>\t\t\t\t\t\t\t\t<\/div>\n\t\t\t\t<\/div>\n\t\t\t\t<\/div>\n\t\t<div class=\"elementor-element elementor-element-faec446 e-con-full e-flex e-con e-child\" data-id=\"faec446\" data-element_type=\"container\" data-e-type=\"container\">\n\t\t\t\t<div class=\"elementor-element elementor-element-ea11d5f elementor-widget elementor-widget-image\" data-id=\"ea11d5f\" data-element_type=\"widget\" data-e-type=\"widget\" data-widget_type=\"image.default\">\n\t\t\t\t<div class=\"elementor-widget-container\">\n\t\t\t\t\t\t\t\t\t\t\t\t\t\t\t<img fetchpriority=\"high\" decoding=\"async\" width=\"768\" height=\"512\" src=\"https:\/\/martynacraft.com\/wp-content\/uploads\/2024\/07\/kolczyki-2-2_3-W-768x512.jpg\" class=\"attachment-medium_large size-medium_large wp-image-1896\" alt=\"\" srcset=\"https:\/\/martynacraft.com\/wp-content\/uploads\/2024\/07\/kolczyki-2-2_3-W-768x512.jpg 768w, https:\/\/martynacraft.com\/wp-content\/uploads\/2024\/07\/kolczyki-2-2_3-W-300x200.jpg 300w, https:\/\/martynacraft.com\/wp-content\/uploads\/2024\/07\/kolczyki-2-2_3-W-1024x683.jpg 1024w, https:\/\/martynacraft.com\/wp-content\/uploads\/2024\/07\/kolczyki-2-2_3-W-1536x1025.jpg 1536w, https:\/\/martynacraft.com\/wp-content\/uploads\/2024\/07\/kolczyki-2-2_3-W-2048x1367.jpg 2048w, https:\/\/martynacraft.com\/wp-content\/uploads\/2024\/07\/kolczyki-2-2_3-W-930x620.jpg 930w\" sizes=\"(max-width: 768px) 100vw, 768px\" \/>\t\t\t\t\t\t\t\t\t\t\t\t\t\t\t<\/div>\n\t\t\t\t<\/div>\n\t\t\t\t<div class=\"elementor-element elementor-element-5e044f6 elementor-widget elementor-widget-text-editor\" data-id=\"5e044f6\" data-element_type=\"widget\" data-e-type=\"widget\" data-widget_type=\"text-editor.default\">\n\t\t\t\t<div class=\"elementor-widget-container\">\n\t\t\t\t\t\t\t\t\t<p>Wybierz projekt poni\u017cej lub napisz do mnie z w\u0142asnym pomys\u0142em.<\/p>\t\t\t\t\t\t\t\t<\/div>\n\t\t\t\t<\/div>\n\t\t\t\t<div class=\"elementor-element elementor-element-07c8bb5 elementor-mobile-align-center elementor-align-center elementor-invisible elementor-widget elementor-widget-button\" data-id=\"07c8bb5\" data-element_type=\"widget\" data-e-type=\"widget\" data-settings=\"{&quot;_animation&quot;:&quot;fadeInDown&quot;}\" data-widget_type=\"button.default\">\n\t\t\t\t<div class=\"elementor-widget-container\">\n\t\t\t\t\t\t\t\t\t<div class=\"elementor-button-wrapper\">\n\t\t\t\t\t<a class=\"elementor-button elementor-button-link elementor-size-sm\" href=\"https:\/\/martynacraft.com\/index.php\/napisz-do-mnie\/\" target=\"_blank\">\n\t\t\t\t\t\t<span class=\"elementor-button-content-wrapper\">\n\t\t\t\t\t\t\t\t\t<span class=\"elementor-button-text\">Napisz do mnie<\/span>\n\t\t\t\t\t<\/span>\n\t\t\t\t\t<\/a>\n\t\t\t\t<\/div>\n\t\t\t\t\t\t\t\t<\/div>\n\t\t\t\t<\/div>\n\t\t\t\t<\/div>\n\t\t\t\t\t<\/div>\n\t\t\t\t<\/div>\n\t\t<div class=\"elementor-element elementor-element-a0a8f07 e-flex e-con-boxed e-con e-parent\" data-id=\"a0a8f07\" data-element_type=\"container\" data-e-type=\"container\">\n\t\t\t\t\t<div class=\"e-con-inner\">\n\t\t<div class=\"elementor-element elementor-element-da6e20d e-con-full e-flex e-con e-child\" data-id=\"da6e20d\" data-element_type=\"container\" data-e-type=\"container\">\n\t\t\t\t<div class=\"elementor-element elementor-element-4a3ad09 elementor-position-top elementor-widget elementor-widget-image-box\" data-id=\"4a3ad09\" data-element_type=\"widget\" data-e-type=\"widget\" data-widget_type=\"image-box.default\">\n\t\t\t\t<div class=\"elementor-widget-container\">\n\t\t\t\t\t<div class=\"elementor-image-box-wrapper\"><figure class=\"elementor-image-box-img\"><a href=\"https:\/\/martynacraft.com\/index.php\/torba-z-t-shirta\/\" tabindex=\"-1\"><img decoding=\"async\" width=\"300\" height=\"300\" src=\"https:\/\/martynacraft.com\/wp-content\/uploads\/2026\/05\/tshirt-1-mc-1_1-300x300.jpg\" class=\"attachment-medium size-medium wp-image-3787\" alt=\"\" srcset=\"https:\/\/martynacraft.com\/wp-content\/uploads\/2026\/05\/tshirt-1-mc-1_1-300x300.jpg 300w, https:\/\/martynacraft.com\/wp-content\/uploads\/2026\/05\/tshirt-1-mc-1_1-1024x1024.jpg 1024w, https:\/\/martynacraft.com\/wp-content\/uploads\/2026\/05\/tshirt-1-mc-1_1-150x150.jpg 150w, https:\/\/martynacraft.com\/wp-content\/uploads\/2026\/05\/tshirt-1-mc-1_1-768x768.jpg 768w, https:\/\/martynacraft.com\/wp-content\/uploads\/2026\/05\/tshirt-1-mc-1_1-1536x1536.jpg 1536w, https:\/\/martynacraft.com\/wp-content\/uploads\/2026\/05\/tshirt-1-mc-1_1-2048x2048.jpg 2048w\" sizes=\"(max-width: 300px) 100vw, 300px\" \/><\/a><\/figure><div class=\"elementor-image-box-content\"><h3 class=\"elementor-image-box-title\"><a href=\"https:\/\/martynacraft.com\/index.php\/torba-z-t-shirta\/\">Torba z T-shirta<\/a><\/h3><\/div><\/div>\t\t\t\t<\/div>\n\t\t\t\t<\/div>\n\t\t\t\t<\/div>\n\t\t<div class=\"elementor-element elementor-element-e0eca5d e-con-full e-flex e-con e-child\" data-id=\"e0eca5d\" data-element_type=\"container\" data-e-type=\"container\">\n\t\t\t\t<div class=\"elementor-element elementor-element-7c3fb36 elementor-position-top elementor-widget elementor-widget-image-box\" data-id=\"7c3fb36\" data-element_type=\"widget\" data-e-type=\"widget\" data-widget_type=\"image-box.default\">\n\t\t\t\t<div class=\"elementor-widget-container\">\n\t\t\t\t\t<div class=\"elementor-image-box-wrapper\"><figure class=\"elementor-image-box-img\"><a href=\"https:\/\/martynacraft.com\/index.php\/boho-lampion\/\" tabindex=\"-1\"><img decoding=\"async\" width=\"300\" height=\"300\" src=\"https:\/\/martynacraft.com\/wp-content\/uploads\/2025\/09\/boho-lampion-1_1-300x300.jpg\" class=\"attachment-medium size-medium wp-image-2776\" alt=\"\" srcset=\"https:\/\/martynacraft.com\/wp-content\/uploads\/2025\/09\/boho-lampion-1_1-300x300.jpg 300w, https:\/\/martynacraft.com\/wp-content\/uploads\/2025\/09\/boho-lampion-1_1-1024x1024.jpg 1024w, https:\/\/martynacraft.com\/wp-content\/uploads\/2025\/09\/boho-lampion-1_1-150x150.jpg 150w, https:\/\/martynacraft.com\/wp-content\/uploads\/2025\/09\/boho-lampion-1_1-768x768.jpg 768w, https:\/\/martynacraft.com\/wp-content\/uploads\/2025\/09\/boho-lampion-1_1-1536x1536.jpg 1536w, https:\/\/martynacraft.com\/wp-content\/uploads\/2025\/09\/boho-lampion-1_1-2048x2048.jpg 2048w\" sizes=\"(max-width: 300px) 100vw, 300px\" \/><\/a><\/figure><div class=\"elementor-image-box-content\"><h3 class=\"elementor-image-box-title\"><a href=\"https:\/\/martynacraft.com\/index.php\/boho-lampion\/\">Boho lampion<\/a><\/h3><\/div><\/div>\t\t\t\t<\/div>\n\t\t\t\t<\/div>\n\t\t\t\t<\/div>\n\t\t\t\t\t<\/div>\n\t\t\t\t<\/div>\n\t\t\t\t<\/div>\n\t\t","protected":false},"excerpt":{"rendered":"<p>Warsztaty Eko &#8211; r\u0119kodzielnicze Na warsztatach Eko &#8211; r\u0119kodzielniczych uczymy si\u0119 jak mo\u017cna przerobi\u0107 co\u015b niepotrzebnego w now\u0105 u\u017cyteczn\u0105 rzecz, czyli \u0142\u0105czymy warsztaty r\u0119kodzielnicze z warsztatami recyklingowymi. Warsztaty przybli\u017caj\u0105 ide\u0119&hellip;&nbsp;<a href=\"https:\/\/martynacraft.com\/index.php\/warsztaty-eko-rekodzielnicze\/\" rel=\"bookmark\">Read More &raquo;<span class=\"screen-reader-text\">Warsztaty Eko-r\u0119kodzielnicze<\/span><\/a><\/p>\n","protected":false},"author":1,"featured_media":0,"parent":0,"menu_order":0,"comment_status":"closed","ping_status":"closed","template":"page-templates\/template-pagebuilder-full-width.php","meta":{"neve_meta_sidebar":"","neve_meta_container":"","neve_meta_enable_content_width":"","neve_meta_content_width":0,"neve_meta_title_alignment":"","neve_meta_author_avatar":"","neve_post_elements_order":"","neve_meta_disable_header":"","neve_meta_disable_footer":"","neve_meta_disable_title":"","footnotes":""},"class_list":["post-895","page","type-page","status-publish","hentry"],"_links":{"self":[{"href":"https:\/\/martynacraft.com\/index.php\/wp-json\/wp\/v2\/pages\/895","targetHints":{"allow":["GET"]}}],"collection":[{"href":"https:\/\/martynacraft.com\/index.php\/wp-json\/wp\/v2\/pages"}],"about":[{"href":"https:\/\/martynacraft.com\/index.php\/wp-json\/wp\/v2\/types\/page"}],"author":[{"embeddable":true,"href":"https:\/\/martynacraft.com\/index.php\/wp-json\/wp\/v2\/users\/1"}],"replies":[{"embeddable":true,"href":"https:\/\/martynacraft.com\/index.php\/wp-json\/wp\/v2\/comments?post=895"}],"version-history":[{"count":28,"href":"https:\/\/martynacraft.com\/index.php\/wp-json\/wp\/v2\/pages\/895\/revisions"}],"predecessor-version":[{"id":3843,"href":"https:\/\/martynacraft.com\/index.php\/wp-json\/wp\/v2\/pages\/895\/revisions\/3843"}],"wp:attachment":[{"href":"https:\/\/martynacraft.com\/index.php\/wp-json\/wp\/v2\/media?parent=895"}],"curies":[{"name":"wp","href":"https:\/\/api.w.org\/{rel}","templated":true}]}}