{"id":402,"date":"2020-01-23T18:21:52","date_gmt":"2020-01-23T18:21:52","guid":{"rendered":"https:\/\/demosites.io\/web-agency-gb\/?page_id=61"},"modified":"2026-05-09T14:15:29","modified_gmt":"2026-05-09T12:15:29","slug":"15c42-web-agency-gb-about-us","status":"publish","type":"page","link":"https:\/\/martynacraft.com\/index.php\/15c42-web-agency-gb-about-us\/","title":{"rendered":"O mnie"},"content":{"rendered":"\t\t<div data-elementor-type=\"wp-page\" data-elementor-id=\"402\" class=\"elementor elementor-402\">\n\t\t\t\t<div class=\"elementor-element elementor-element-d3a4873 e-flex e-con-boxed e-con e-parent\" data-id=\"d3a4873\" data-element_type=\"container\" data-e-type=\"container\" data-settings=\"{&quot;background_background&quot;:&quot;classic&quot;}\">\n\t\t\t\t\t<div class=\"e-con-inner\">\n\t\t<div class=\"elementor-element elementor-element-820aa2f e-con-full e-flex e-con e-child\" data-id=\"820aa2f\" data-element_type=\"container\" data-e-type=\"container\" data-settings=\"{&quot;background_background&quot;:&quot;slideshow&quot;,&quot;background_slideshow_gallery&quot;:[],&quot;background_slideshow_loop&quot;:&quot;yes&quot;,&quot;background_slideshow_slide_duration&quot;:5000,&quot;background_slideshow_slide_transition&quot;:&quot;fade&quot;,&quot;background_slideshow_transition_duration&quot;:500}\">\n\t\t\t\t<div class=\"elementor-element elementor-element-9f86939 elementor-widget elementor-widget-heading\" data-id=\"9f86939\" data-element_type=\"widget\" data-e-type=\"widget\" data-widget_type=\"heading.default\">\n\t\t\t\t<div class=\"elementor-widget-container\">\n\t\t\t\t\t<h1 class=\"elementor-heading-title elementor-size-default\">Multi r\u0119kodzielniczka <\/h1>\t\t\t\t<\/div>\n\t\t\t\t<\/div>\n\t\t\t\t<div class=\"elementor-element elementor-element-a7f74cc elementor-widget elementor-widget-heading\" data-id=\"a7f74cc\" data-element_type=\"widget\" data-e-type=\"widget\" data-widget_type=\"heading.default\">\n\t\t\t\t<div class=\"elementor-widget-container\">\n\t\t\t\t\t<h2 class=\"elementor-heading-title elementor-size-default\">Cze\u015b\u0107, nazywam si\u0119 Martyna i jestem zapalon\u0105 r\u0119kodzielnicz\u0105!<\/h2>\t\t\t\t<\/div>\n\t\t\t\t<\/div>\n\t\t\t\t<div class=\"elementor-element elementor-element-74c4791 elementor-widget elementor-widget-text-editor\" data-id=\"74c4791\" data-element_type=\"widget\" data-e-type=\"widget\" data-widget_type=\"text-editor.default\">\n\t\t\t\t<div class=\"elementor-widget-container\">\n\t\t\t\t\t\t\t\t\t<p><span style=\"font-weight: 400;\">Pozna\u0142am \u015bwiat drut\u00f3w i szyde\u0142ka, filcowa\u0142am r\u00f3\u017cnymi technikami. Przydarzy\u0142 si\u0119 r\u00f3wnie\u017c przelotny romans z decoupagem, tkactwem. Pracowa\u0142am z metalami i kamieniami szlachetnymi robi\u0105c wire wrapping. Biedna maszyna do szycia od babci nie ma u mnie lekkiej emerytury. Zdarza\u0142y si\u0119 r\u00f3\u017cnorodne niestandardowe przygody np.: z robieniem kubk\u00f3w z kokosa!<\/span><\/p>\n<p><span style=\"font-weight: 400;\">Jednym s\u0142owem ca\u0142y czas odkrywam r\u00f3\u017cne formy r\u0119kodzie\u0142a i ca\u0142y czas chc\u0119 wi\u0119cej i wi\u0119cej! <\/span><span style=\"font-weight: 400;\">Najwi\u0119cej czasu po\u015bwi\u0119ci\u0142am filcowaniu oraz ukochanej makramie, ostatnio coraz cz\u0119\u015bciej si\u0119gam po akwarele.\u00a0<\/span><\/p>\t\t\t\t\t\t\t\t<\/div>\n\t\t\t\t<\/div>\n\t\t\t\t<\/div>\n\t\t<div class=\"elementor-element elementor-element-93445d1 e-con-full e-flex e-con e-child\" data-id=\"93445d1\" data-element_type=\"container\" data-e-type=\"container\">\n\t\t\t\t<div class=\"elementor-element elementor-element-12080da elementor-widget elementor-widget-image\" data-id=\"12080da\" data-element_type=\"widget\" data-e-type=\"widget\" data-widget_type=\"image.default\">\n\t\t\t\t<div class=\"elementor-widget-container\">\n\t\t\t\t\t\t\t\t\t\t\t\t\t\t\t<img fetchpriority=\"high\" decoding=\"async\" width=\"768\" height=\"628\" src=\"https:\/\/martynacraft.com\/wp-content\/uploads\/2026\/04\/1739375391574-768x628.jpg\" class=\"attachment-medium_large size-medium_large wp-image-3653\" alt=\"\" srcset=\"https:\/\/martynacraft.com\/wp-content\/uploads\/2026\/04\/1739375391574-768x628.jpg 768w, https:\/\/martynacraft.com\/wp-content\/uploads\/2026\/04\/1739375391574-300x245.jpg 300w, https:\/\/martynacraft.com\/wp-content\/uploads\/2026\/04\/1739375391574-1024x837.jpg 1024w, https:\/\/martynacraft.com\/wp-content\/uploads\/2026\/04\/1739375391574-1536x1256.jpg 1536w, https:\/\/martynacraft.com\/wp-content\/uploads\/2026\/04\/1739375391574-2048x1674.jpg 2048w\" sizes=\"(max-width: 768px) 100vw, 768px\" \/>\t\t\t\t\t\t\t\t\t\t\t\t\t\t\t<\/div>\n\t\t\t\t<\/div>\n\t\t\t\t<\/div>\n\t\t\t\t\t<\/div>\n\t\t\t\t<\/div>\n\t\t<div class=\"elementor-element elementor-element-d8f59a6 e-flex e-con-boxed e-con e-parent\" data-id=\"d8f59a6\" data-element_type=\"container\" data-e-type=\"container\" data-settings=\"{&quot;background_background&quot;:&quot;classic&quot;}\">\n\t\t\t\t\t<div class=\"e-con-inner\">\n\t\t<div class=\"elementor-element elementor-element-4e43f07 e-con-full e-flex e-con e-child\" data-id=\"4e43f07\" data-element_type=\"container\" data-e-type=\"container\">\n\t\t\t\t<div class=\"elementor-element elementor-element-3a21521 elementor-widget elementor-widget-image\" data-id=\"3a21521\" data-element_type=\"widget\" data-e-type=\"widget\" data-widget_type=\"image.default\">\n\t\t\t\t<div class=\"elementor-widget-container\">\n\t\t\t\t\t\t\t\t\t\t\t\t\t\t\t<img decoding=\"async\" width=\"768\" height=\"512\" src=\"https:\/\/martynacraft.com\/wp-content\/uploads\/2024\/07\/kolczyki-2-2_3-W-768x512.jpg\" class=\"attachment-medium_large size-medium_large wp-image-1896\" alt=\"\" srcset=\"https:\/\/martynacraft.com\/wp-content\/uploads\/2024\/07\/kolczyki-2-2_3-W-768x512.jpg 768w, https:\/\/martynacraft.com\/wp-content\/uploads\/2024\/07\/kolczyki-2-2_3-W-300x200.jpg 300w, https:\/\/martynacraft.com\/wp-content\/uploads\/2024\/07\/kolczyki-2-2_3-W-1024x683.jpg 1024w, https:\/\/martynacraft.com\/wp-content\/uploads\/2024\/07\/kolczyki-2-2_3-W-1536x1025.jpg 1536w, https:\/\/martynacraft.com\/wp-content\/uploads\/2024\/07\/kolczyki-2-2_3-W-2048x1367.jpg 2048w, https:\/\/martynacraft.com\/wp-content\/uploads\/2024\/07\/kolczyki-2-2_3-W-930x620.jpg 930w\" sizes=\"(max-width: 768px) 100vw, 768px\" \/>\t\t\t\t\t\t\t\t\t\t\t\t\t\t\t<\/div>\n\t\t\t\t<\/div>\n\t\t\t\t<\/div>\n\t\t<div class=\"elementor-element elementor-element-e32c082 e-con-full e-flex e-con e-child\" data-id=\"e32c082\" data-element_type=\"container\" data-e-type=\"container\" data-settings=\"{&quot;background_background&quot;:&quot;slideshow&quot;,&quot;background_slideshow_gallery&quot;:[],&quot;background_slideshow_loop&quot;:&quot;yes&quot;,&quot;background_slideshow_slide_duration&quot;:5000,&quot;background_slideshow_slide_transition&quot;:&quot;fade&quot;,&quot;background_slideshow_transition_duration&quot;:500}\">\n\t\t\t\t<div class=\"elementor-element elementor-element-aceee72 elementor-widget elementor-widget-heading\" data-id=\"aceee72\" data-element_type=\"widget\" data-e-type=\"widget\" data-widget_type=\"heading.default\">\n\t\t\t\t<div class=\"elementor-widget-container\">\n\t\t\t\t\t<h2 class=\"elementor-heading-title elementor-size-default\">Biela\u0144skie pocz\u0105tki<\/h2>\t\t\t\t<\/div>\n\t\t\t\t<\/div>\n\t\t\t\t<div class=\"elementor-element elementor-element-7b50adb elementor-widget elementor-widget-text-editor\" data-id=\"7b50adb\" data-element_type=\"widget\" data-e-type=\"widget\" data-widget_type=\"text-editor.default\">\n\t\t\t\t<div class=\"elementor-widget-container\">\n\t\t\t\t\t\t\t\t\t<p><span style=\"font-weight: 400;\">Kilka lat temu moj\u0105 mi\u0142o\u015b\u0107 do wszelkiego r\u0119kodzie\u0142a postanowi\u0142am po\u0142\u0105czy\u0107 z drug\u0105 pasj\u0105 \u2013 nauczaniem i w\u0142a\u015bnie z tego powodu spotkali\u015bmy si\u0119 tutaj \u2013 na stronie o moich <strong>warsztatach r\u0119kodzielniczych.<\/strong><\/span><\/p>\n<p><span style=\"font-weight: 400;\">Kilka lat temu, w 2020 r., zainspirowana dzia\u0142alno\u015bci\u0105 dziewczyn z MALu \u201cSamog\u0142oska\u201d na Warszawskich Bielanach postanowi\u0142am urzeczywistni\u0107 moje marzenie i zacz\u0105\u0107 prowadzi\u0107 warsztaty z makramy i innego r\u0119kodzie\u0142a.<\/span><\/p>\t\t\t\t\t\t\t\t<\/div>\n\t\t\t\t<\/div>\n\t\t\t\t<\/div>\n\t\t\t\t\t<\/div>\n\t\t\t\t<\/div>\n\t\t<div class=\"elementor-element elementor-element-2550207 e-flex e-con-boxed e-con e-parent\" data-id=\"2550207\" data-element_type=\"container\" data-e-type=\"container\" data-settings=\"{&quot;background_background&quot;:&quot;classic&quot;}\">\n\t\t\t\t\t<div class=\"e-con-inner\">\n\t\t<div class=\"elementor-element elementor-element-128b1e3 e-con-full e-flex e-con e-child\" data-id=\"128b1e3\" data-element_type=\"container\" data-e-type=\"container\" data-settings=\"{&quot;background_background&quot;:&quot;slideshow&quot;,&quot;background_slideshow_gallery&quot;:[],&quot;background_slideshow_loop&quot;:&quot;yes&quot;,&quot;background_slideshow_slide_duration&quot;:5000,&quot;background_slideshow_slide_transition&quot;:&quot;fade&quot;,&quot;background_slideshow_transition_duration&quot;:500}\">\n\t\t\t\t<div class=\"elementor-element elementor-element-d9d597d elementor-widget elementor-widget-heading\" data-id=\"d9d597d\" data-element_type=\"widget\" data-e-type=\"widget\" data-widget_type=\"heading.default\">\n\t\t\t\t<div class=\"elementor-widget-container\">\n\t\t\t\t\t<h2 class=\"elementor-heading-title elementor-size-default\">I jeszcze YouTube<\/h2>\t\t\t\t<\/div>\n\t\t\t\t<\/div>\n\t\t\t\t<div class=\"elementor-element elementor-element-dd4a444 elementor-widget elementor-widget-text-editor\" data-id=\"dd4a444\" data-element_type=\"widget\" data-e-type=\"widget\" data-widget_type=\"text-editor.default\">\n\t\t\t\t<div class=\"elementor-widget-container\">\n\t\t\t\t\t\t\t\t\t<p><span style=\"font-weight: 400;\">Od tamtej pory mia\u0142am przyjemno\u015b\u0107 poprowadzi\u0107 bardzo wiele r\u00f3\u017cnorodnych warsztat\u00f3w. Prowadzi\u0142am warsztaty dla doros\u0142ych i dla dzieci; dla ma\u0142ych grup i na eventach na kilka tysi\u0119cy os\u00f3b. By\u0142am w instytucjach kultury, na wieczorach panie\u0144skich, w szko\u0142ach, na piknikach, festynach a nawet w sejmie!\u00a0<\/span><\/p>\n<p><span style=\"font-weight: 400;\">Ka\u017cdy warsztat by\u0142 inny, ale wszystkie \u0142\u0105czy\u0142a mi\u0142a atmosfera i mo\u017cliwo\u015b\u0107 zrelaksowania si\u0119 przy sznurkach. Warsztaty s\u0105 dla ka\u017cdego, t\u0142umacze jak zrobi\u0107 projekt zupe\u0142nie od podstaw. Spokojnie, nie musisz zna\u0107 wcze\u015bniej \u017cadnych w\u0119z\u0142\u00f3w, do tej pory z ka\u017cdy uczestnik zdo\u0142a\u0142 wykona\u0107 projekt z warsztat\u00f3w!<\/span><\/p>\n<p><span style=\"font-weight: 400;\">R\u00f3wnocze\u015bnie od 2022 r. prowadz\u0119 kana\u0142 na <a href=\"https:\/\/www.youtube.com\/@MartynaCraft\">YouTube &#8211; Martyna Craft<\/a>, na kt\u00f3rym nagrywam tutoriale dotycz\u0105ce makramy, dla tych, kt\u00f3rzy preferuj\u0105 samodzielne zg\u0142\u0119bianie tajnik\u00f3w tej pi\u0119knej sztuki. <strong>Gor\u0105co zach\u0119cam do odwiedzenia!<\/strong><\/span><\/p>\t\t\t\t\t\t\t\t<\/div>\n\t\t\t\t<\/div>\n\t\t\t\t<\/div>\n\t\t<div class=\"elementor-element elementor-element-32e04e2 e-con-full e-flex e-con e-child\" data-id=\"32e04e2\" data-element_type=\"container\" data-e-type=\"container\">\n\t\t\t\t<div class=\"elementor-element elementor-element-f1bba1d elementor-widget elementor-widget-image\" data-id=\"f1bba1d\" data-element_type=\"widget\" data-e-type=\"widget\" data-widget_type=\"image.default\">\n\t\t\t\t<div class=\"elementor-widget-container\">\n\t\t\t\t\t\t\t\t\t\t\t\t\t\t\t<img decoding=\"async\" width=\"768\" height=\"768\" src=\"https:\/\/martynacraft.com\/wp-content\/uploads\/2023\/11\/yt1-768x768.jpg\" class=\"attachment-medium_large size-medium_large wp-image-442\" alt=\"\" srcset=\"https:\/\/martynacraft.com\/wp-content\/uploads\/2023\/11\/yt1-768x768.jpg 768w, https:\/\/martynacraft.com\/wp-content\/uploads\/2023\/11\/yt1-300x300.jpg 300w, https:\/\/martynacraft.com\/wp-content\/uploads\/2023\/11\/yt1-1024x1024.jpg 1024w, https:\/\/martynacraft.com\/wp-content\/uploads\/2023\/11\/yt1-150x150.jpg 150w, https:\/\/martynacraft.com\/wp-content\/uploads\/2023\/11\/yt1-1536x1536.jpg 1536w, https:\/\/martynacraft.com\/wp-content\/uploads\/2023\/11\/yt1.jpg 2048w\" sizes=\"(max-width: 768px) 100vw, 768px\" \/>\t\t\t\t\t\t\t\t\t\t\t\t\t\t\t<\/div>\n\t\t\t\t<\/div>\n\t\t\t\t<\/div>\n\t\t\t\t\t<\/div>\n\t\t\t\t<\/div>\n\t\t<div class=\"elementor-element elementor-element-f8ed8ef e-flex e-con-boxed e-con e-parent\" data-id=\"f8ed8ef\" data-element_type=\"container\" data-e-type=\"container\">\n\t\t\t\t\t<div class=\"e-con-inner\">\n\t\t\t\t<div class=\"elementor-element elementor-element-c855b8a elementor-shape-circle elementor-grid-0 e-grid-align-center elementor-widget elementor-widget-social-icons\" data-id=\"c855b8a\" data-element_type=\"widget\" data-e-type=\"widget\" data-widget_type=\"social-icons.default\">\n\t\t\t\t<div class=\"elementor-widget-container\">\n\t\t\t\t\t\t\t<div class=\"elementor-social-icons-wrapper elementor-grid\" role=\"list\">\n\t\t\t\t\t\t\t<span class=\"elementor-grid-item\" role=\"listitem\">\n\t\t\t\t\t<a class=\"elementor-icon elementor-social-icon elementor-social-icon-youtube elementor-repeater-item-a42294e\" href=\"https:\/\/www.youtube.com\/@MartynaCraft\" target=\"_blank\">\n\t\t\t\t\t\t<span class=\"elementor-screen-only\">Youtube<\/span>\n\t\t\t\t\t\t<svg aria-hidden=\"true\" class=\"e-font-icon-svg e-fab-youtube\" viewBox=\"0 0 576 512\" xmlns=\"http:\/\/www.w3.org\/2000\/svg\"><path d=\"M549.655 124.083c-6.281-23.65-24.787-42.276-48.284-48.597C458.781 64 288 64 288 64S117.22 64 74.629 75.486c-23.497 6.322-42.003 24.947-48.284 48.597-11.412 42.867-11.412 132.305-11.412 132.305s0 89.438 11.412 132.305c6.281 23.65 24.787 41.5 48.284 47.821C117.22 448 288 448 288 448s170.78 0 213.371-11.486c23.497-6.321 42.003-24.171 48.284-47.821 11.412-42.867 11.412-132.305 11.412-132.305s0-89.438-11.412-132.305zm-317.51 213.508V175.185l142.739 81.205-142.739 81.201z\"><\/path><\/svg>\t\t\t\t\t<\/a>\n\t\t\t\t<\/span>\n\t\t\t\t\t\t\t<span class=\"elementor-grid-item\" role=\"listitem\">\n\t\t\t\t\t<a class=\"elementor-icon elementor-social-icon elementor-social-icon-facebook elementor-repeater-item-5db4d0a\" href=\"https:\/\/www.facebook.com\/MartynaCraft\" target=\"_blank\">\n\t\t\t\t\t\t<span class=\"elementor-screen-only\">Facebook<\/span>\n\t\t\t\t\t\t<svg aria-hidden=\"true\" class=\"e-font-icon-svg e-fab-facebook\" viewBox=\"0 0 512 512\" xmlns=\"http:\/\/www.w3.org\/2000\/svg\"><path d=\"M504 256C504 119 393 8 256 8S8 119 8 256c0 123.78 90.69 226.38 209.25 245V327.69h-63V256h63v-54.64c0-62.15 37-96.48 93.67-96.48 27.14 0 55.52 4.84 55.52 4.84v61h-31.28c-30.8 0-40.41 19.12-40.41 38.73V256h68.78l-11 71.69h-57.78V501C413.31 482.38 504 379.78 504 256z\"><\/path><\/svg>\t\t\t\t\t<\/a>\n\t\t\t\t<\/span>\n\t\t\t\t\t\t\t<span class=\"elementor-grid-item\" role=\"listitem\">\n\t\t\t\t\t<a class=\"elementor-icon elementor-social-icon elementor-social-icon-instagram elementor-repeater-item-8d5a4f5\" href=\"https:\/\/www.instagram.com\/martyna.craft\/\" target=\"_blank\">\n\t\t\t\t\t\t<span class=\"elementor-screen-only\">Instagram<\/span>\n\t\t\t\t\t\t<svg aria-hidden=\"true\" class=\"e-font-icon-svg e-fab-instagram\" viewBox=\"0 0 448 512\" xmlns=\"http:\/\/www.w3.org\/2000\/svg\"><path d=\"M224.1 141c-63.6 0-114.9 51.3-114.9 114.9s51.3 114.9 114.9 114.9S339 319.5 339 255.9 287.7 141 224.1 141zm0 189.6c-41.1 0-74.7-33.5-74.7-74.7s33.5-74.7 74.7-74.7 74.7 33.5 74.7 74.7-33.6 74.7-74.7 74.7zm146.4-194.3c0 14.9-12 26.8-26.8 26.8-14.9 0-26.8-12-26.8-26.8s12-26.8 26.8-26.8 26.8 12 26.8 26.8zm76.1 27.2c-1.7-35.9-9.9-67.7-36.2-93.9-26.2-26.2-58-34.4-93.9-36.2-37-2.1-147.9-2.1-184.9 0-35.8 1.7-67.6 9.9-93.9 36.1s-34.4 58-36.2 93.9c-2.1 37-2.1 147.9 0 184.9 1.7 35.9 9.9 67.7 36.2 93.9s58 34.4 93.9 36.2c37 2.1 147.9 2.1 184.9 0 35.9-1.7 67.7-9.9 93.9-36.2 26.2-26.2 34.4-58 36.2-93.9 2.1-37 2.1-147.8 0-184.8zM398.8 388c-7.8 19.6-22.9 34.7-42.6 42.6-29.5 11.7-99.5 9-132.1 9s-102.7 2.6-132.1-9c-19.6-7.8-34.7-22.9-42.6-42.6-11.7-29.5-9-99.5-9-132.1s-2.6-102.7 9-132.1c7.8-19.6 22.9-34.7 42.6-42.6 29.5-11.7 99.5-9 132.1-9s102.7-2.6 132.1 9c19.6 7.8 34.7 22.9 42.6 42.6 11.7 29.5 9 99.5 9 132.1s2.7 102.7-9 132.1z\"><\/path><\/svg>\t\t\t\t\t<\/a>\n\t\t\t\t<\/span>\n\t\t\t\t\t\t\t<span class=\"elementor-grid-item\" role=\"listitem\">\n\t\t\t\t\t<a class=\"elementor-icon elementor-social-icon elementor-social-icon-pinterest elementor-repeater-item-0d627bd\" href=\"https:\/\/pl.pinterest.com\/martynacraft\/\" target=\"_blank\">\n\t\t\t\t\t\t<span class=\"elementor-screen-only\">Pinterest<\/span>\n\t\t\t\t\t\t<svg aria-hidden=\"true\" class=\"e-font-icon-svg e-fab-pinterest\" viewBox=\"0 0 496 512\" xmlns=\"http:\/\/www.w3.org\/2000\/svg\"><path d=\"M496 256c0 137-111 248-248 248-25.6 0-50.2-3.9-73.4-11.1 10.1-16.5 25.2-43.5 30.8-65 3-11.6 15.4-59 15.4-59 8.1 15.4 31.7 28.5 56.8 28.5 74.8 0 128.7-68.8 128.7-154.3 0-81.9-66.9-143.2-152.9-143.2-107 0-163.9 71.8-163.9 150.1 0 36.4 19.4 81.7 50.3 96.1 4.7 2.2 7.2 1.2 8.3-3.3.8-3.4 5-20.3 6.9-28.1.6-2.5.3-4.7-1.7-7.1-10.1-12.5-18.3-35.3-18.3-56.6 0-54.7 41.4-107.6 112-107.6 60.9 0 103.6 41.5 103.6 100.9 0 67.1-33.9 113.6-78 113.6-24.3 0-42.6-20.1-36.7-44.8 7-29.5 20.5-61.3 20.5-82.6 0-19-10.2-34.9-31.4-34.9-24.9 0-44.9 25.7-44.9 60.2 0 22 7.4 36.8 7.4 36.8s-24.5 103.8-29 123.2c-5 21.4-3 51.6-.9 71.2C65.4 450.9 0 361.1 0 256 0 119 111 8 248 8s248 111 248 248z\"><\/path><\/svg>\t\t\t\t\t<\/a>\n\t\t\t\t<\/span>\n\t\t\t\t\t\t\t<span class=\"elementor-grid-item\" role=\"listitem\">\n\t\t\t\t\t<a class=\"elementor-icon elementor-social-icon elementor-social-icon-linkedin elementor-repeater-item-e6d77f4\" href=\"https:\/\/www.linkedin.com\/in\/martynacraft\/\" target=\"_blank\">\n\t\t\t\t\t\t<span class=\"elementor-screen-only\">Linkedin<\/span>\n\t\t\t\t\t\t<svg aria-hidden=\"true\" class=\"e-font-icon-svg e-fab-linkedin\" viewBox=\"0 0 448 512\" xmlns=\"http:\/\/www.w3.org\/2000\/svg\"><path d=\"M416 32H31.9C14.3 32 0 46.5 0 64.3v383.4C0 465.5 14.3 480 31.9 480H416c17.6 0 32-14.5 32-32.3V64.3c0-17.8-14.4-32.3-32-32.3zM135.4 416H69V202.2h66.5V416zm-33.2-243c-21.3 0-38.5-17.3-38.5-38.5S80.9 96 102.2 96c21.2 0 38.5 17.3 38.5 38.5 0 21.3-17.2 38.5-38.5 38.5zm282.1 243h-66.4V312c0-24.8-.5-56.7-34.5-56.7-34.6 0-39.9 27-39.9 54.9V416h-66.4V202.2h63.7v29.2h.9c8.9-16.8 30.6-34.5 62.9-34.5 67.2 0 79.7 44.3 79.7 101.9V416z\"><\/path><\/svg>\t\t\t\t\t<\/a>\n\t\t\t\t<\/span>\n\t\t\t\t\t<\/div>\n\t\t\t\t\t\t<\/div>\n\t\t\t\t<\/div>\n\t\t\t\t\t<\/div>\n\t\t\t\t<\/div>\n\t\t\t\t<\/div>\n\t\t","protected":false},"excerpt":{"rendered":"<p>Multi r\u0119kodzielniczka Cze\u015b\u0107, nazywam si\u0119 Martyna i jestem zapalon\u0105 r\u0119kodzielnicz\u0105! Pozna\u0142am \u015bwiat drut\u00f3w i szyde\u0142ka, filcowa\u0142am r\u00f3\u017cnymi technikami. Przydarzy\u0142 si\u0119 r\u00f3wnie\u017c przelotny romans z decoupagem, tkactwem. Pracowa\u0142am z metalami i&hellip;&nbsp;<a href=\"https:\/\/martynacraft.com\/index.php\/15c42-web-agency-gb-about-us\/\" rel=\"bookmark\">Read More &raquo;<span class=\"screen-reader-text\">O mnie<\/span><\/a><\/p>\n","protected":false},"author":1,"featured_media":0,"parent":0,"menu_order":0,"comment_status":"closed","ping_status":"closed","template":"","meta":{"neve_meta_sidebar":"default","neve_meta_container":"default","neve_meta_enable_content_width":"on","neve_meta_content_width":100,"neve_meta_title_alignment":"","neve_meta_author_avatar":"","neve_post_elements_order":"","neve_meta_disable_header":"","neve_meta_disable_footer":"","neve_meta_disable_title":"on","footnotes":""},"class_list":["post-402","page","type-page","status-publish","hentry"],"_links":{"self":[{"href":"https:\/\/martynacraft.com\/index.php\/wp-json\/wp\/v2\/pages\/402","targetHints":{"allow":["GET"]}}],"collection":[{"href":"https:\/\/martynacraft.com\/index.php\/wp-json\/wp\/v2\/pages"}],"about":[{"href":"https:\/\/martynacraft.com\/index.php\/wp-json\/wp\/v2\/types\/page"}],"author":[{"embeddable":true,"href":"https:\/\/martynacraft.com\/index.php\/wp-json\/wp\/v2\/users\/1"}],"replies":[{"embeddable":true,"href":"https:\/\/martynacraft.com\/index.php\/wp-json\/wp\/v2\/comments?post=402"}],"version-history":[{"count":44,"href":"https:\/\/martynacraft.com\/index.php\/wp-json\/wp\/v2\/pages\/402\/revisions"}],"predecessor-version":[{"id":3935,"href":"https:\/\/martynacraft.com\/index.php\/wp-json\/wp\/v2\/pages\/402\/revisions\/3935"}],"wp:attachment":[{"href":"https:\/\/martynacraft.com\/index.php\/wp-json\/wp\/v2\/media?parent=402"}],"curies":[{"name":"wp","href":"https:\/\/api.w.org\/{rel}","templated":true}]}}