{"id":3358,"date":"2026-03-18T14:25:48","date_gmt":"2026-03-18T13:25:48","guid":{"rendered":"https:\/\/martynacraft.com\/?page_id=3358"},"modified":"2026-03-18T14:36:49","modified_gmt":"2026-03-18T13:36:49","slug":"mruczki-z-wloczki","status":"publish","type":"page","link":"https:\/\/martynacraft.com\/index.php\/mruczki-z-wloczki\/","title":{"rendered":"Mruczki z w\u0142\u00f3czki"},"content":{"rendered":"\t\t<div data-elementor-type=\"wp-page\" data-elementor-id=\"3358\" class=\"elementor elementor-3358\">\n\t\t\t\t<div class=\"elementor-element elementor-element-6514d7f e-flex e-con-boxed e-con e-parent\" data-id=\"6514d7f\" data-element_type=\"container\" data-e-type=\"container\">\n\t\t\t\t\t<div class=\"e-con-inner\">\n\t\t<div class=\"elementor-element elementor-element-90518b8 e-con-full e-flex e-con e-child\" data-id=\"90518b8\" data-element_type=\"container\" data-e-type=\"container\" data-settings=\"{&quot;background_background&quot;:&quot;slideshow&quot;,&quot;background_slideshow_gallery&quot;:[],&quot;background_slideshow_loop&quot;:&quot;yes&quot;,&quot;background_slideshow_slide_duration&quot;:5000,&quot;background_slideshow_slide_transition&quot;:&quot;fade&quot;,&quot;background_slideshow_transition_duration&quot;:500}\">\n\t\t\t\t<div class=\"elementor-element elementor-element-7a5711a elementor-widget__width-initial elementor-widget elementor-widget-heading\" data-id=\"7a5711a\" data-element_type=\"widget\" data-e-type=\"widget\" data-widget_type=\"heading.default\">\n\t\t\t\t<div class=\"elementor-widget-container\">\n\t\t\t\t\t<h1 class=\"elementor-heading-title elementor-size-default\">Mruczki z w\u0142\u00f3czki<\/h1>\t\t\t\t<\/div>\n\t\t\t\t<\/div>\n\t\t<div class=\"elementor-element elementor-element-93099cc e-flex e-con-boxed e-con e-child\" data-id=\"93099cc\" data-element_type=\"container\" data-e-type=\"container\">\n\t\t\t\t\t<div class=\"e-con-inner\">\n\t\t\t\t<div class=\"elementor-element elementor-element-707edf5 elementor-widget elementor-widget-text-editor\" data-id=\"707edf5\" data-element_type=\"widget\" data-e-type=\"widget\" data-widget_type=\"text-editor.default\">\n\t\t\t\t<div class=\"elementor-widget-container\">\n\t\t\t\t\t\t\t\t\t<p>Podczas warsztat\u00f3w uczestnicy poznaj\u0105 podstawy filcowania na sucho i stworz\u0105 w\u0142asne, urocze kotki z we\u0142ny czesankowej. Zaj\u0119cia wprowadzaj\u0105 w technik\u0119 pracy z filcem i pozwalaj\u0105 rozwija\u0107 zdolno\u015bci manualne oraz wyobra\u017ani\u0119. To propozycja idealna nie tylko dla mi\u0142o\u015bnik\u00f3w kot\u00f3w, ale dla wszystkich przyjaci\u00f3\u0142 zwierz\u0105t.\u00a0<\/p><p>Czas trwania: <strong>2 h<\/strong><br \/>Liczba uczestnik\u00f3w: <strong>16 os\u00f3b<\/strong><br \/>Grupy wiekowe: <strong>dzieci 10+,\u00a0 m\u0142odzie\u017c licealna i doro\u015bli<\/strong><strong><br \/><\/strong><\/p>\t\t\t\t\t\t\t\t<\/div>\n\t\t\t\t<\/div>\n\t\t\t\t\t<\/div>\n\t\t\t\t<\/div>\n\t\t<div class=\"elementor-element elementor-element-aa91dfa e-flex e-con-boxed e-con e-child\" data-id=\"aa91dfa\" data-element_type=\"container\" data-e-type=\"container\">\n\t\t\t\t\t<div class=\"e-con-inner\">\n\t\t<div class=\"elementor-element elementor-element-6ac3486 e-con-full e-flex e-con e-child\" data-id=\"6ac3486\" data-element_type=\"container\" data-e-type=\"container\">\n\t\t\t\t<div class=\"elementor-element elementor-element-816e2ba elementor-widget elementor-widget-text-editor\" data-id=\"816e2ba\" data-element_type=\"widget\" data-e-type=\"widget\" data-widget_type=\"text-editor.default\">\n\t\t\t\t<div class=\"elementor-widget-container\">\n\t\t\t\t\t\t\t\t\t<p>Poziom trudno\u015bci<\/p>\t\t\t\t\t\t\t\t<\/div>\n\t\t\t\t<\/div>\n\t\t\t\t<\/div>\n\t\t<div class=\"elementor-element elementor-element-8f27396 e-con-full e-flex e-con e-child\" data-id=\"8f27396\" data-element_type=\"container\" data-e-type=\"container\">\n\t\t\t\t<div class=\"elementor-element elementor-element-cf1392b elementor-widget__width-initial elementor-widget elementor-widget-rating\" data-id=\"cf1392b\" data-element_type=\"widget\" data-e-type=\"widget\" data-widget_type=\"rating.default\">\n\t\t\t\t<div class=\"elementor-widget-container\">\n\t\t\t\t\t\t\t<div class=\"e-rating\" itemtype=\"https:\/\/schema.org\/Rating\" itemscope=\"\" itemprop=\"reviewRating\">\n\t\t\t<meta itemprop=\"worstRating\" content=\"0\">\n\t\t\t<meta itemprop=\"bestRating\" content=\"5\">\n\t\t\t<div class=\"e-rating-wrapper\" itemprop=\"ratingValue\" content=\"1\" role=\"img\" aria-label=\"Rated 1 out of 5\">\n\t\t\t\t\t\t\t<div class=\"e-icon\">\n\t\t\t\t<div class=\"e-icon-wrapper e-icon-marked\">\n\t\t\t\t\t<svg aria-hidden=\"true\" class=\"e-font-icon-svg e-fas-hand-paper\" viewBox=\"0 0 448 512\" xmlns=\"http:\/\/www.w3.org\/2000\/svg\"><path d=\"M408.781 128.007C386.356 127.578 368 146.36 368 168.79V256h-8V79.79c0-22.43-18.356-41.212-40.781-40.783C297.488 39.423 280 57.169 280 79v177h-8V40.79C272 18.36 253.644-.422 231.219.007 209.488.423 192 18.169 192 40v216h-8V80.79c0-22.43-18.356-41.212-40.781-40.783C121.488 40.423 104 58.169 104 80v235.992l-31.648-43.519c-12.993-17.866-38.009-21.817-55.877-8.823-17.865 12.994-21.815 38.01-8.822 55.877l125.601 172.705A48 48 0 0 0 172.073 512h197.59c22.274 0 41.622-15.324 46.724-37.006l26.508-112.66a192.011 192.011 0 0 0 5.104-43.975V168c.001-21.831-17.487-39.577-39.218-39.993z\"><\/path><\/svg>\t\t\t\t<\/div>\n\t\t\t\t<div class=\"e-icon-wrapper e-icon-unmarked\">\n\t\t\t\t\t<svg aria-hidden=\"true\" class=\"e-font-icon-svg e-fas-hand-paper\" viewBox=\"0 0 448 512\" xmlns=\"http:\/\/www.w3.org\/2000\/svg\"><path d=\"M408.781 128.007C386.356 127.578 368 146.36 368 168.79V256h-8V79.79c0-22.43-18.356-41.212-40.781-40.783C297.488 39.423 280 57.169 280 79v177h-8V40.79C272 18.36 253.644-.422 231.219.007 209.488.423 192 18.169 192 40v216h-8V80.79c0-22.43-18.356-41.212-40.781-40.783C121.488 40.423 104 58.169 104 80v235.992l-31.648-43.519c-12.993-17.866-38.009-21.817-55.877-8.823-17.865 12.994-21.815 38.01-8.822 55.877l125.601 172.705A48 48 0 0 0 172.073 512h197.59c22.274 0 41.622-15.324 46.724-37.006l26.508-112.66a192.011 192.011 0 0 0 5.104-43.975V168c.001-21.831-17.487-39.577-39.218-39.993z\"><\/path><\/svg>\t\t\t\t<\/div>\n\t\t\t<\/div>\n\t\t\t\t\t\t<div class=\"e-icon\">\n\t\t\t\t<div class=\"e-icon-wrapper e-icon-marked\" style=\"--e-rating-icon-marked-width: 0%;\">\n\t\t\t\t\t<svg aria-hidden=\"true\" class=\"e-font-icon-svg e-fas-hand-paper\" viewBox=\"0 0 448 512\" xmlns=\"http:\/\/www.w3.org\/2000\/svg\"><path d=\"M408.781 128.007C386.356 127.578 368 146.36 368 168.79V256h-8V79.79c0-22.43-18.356-41.212-40.781-40.783C297.488 39.423 280 57.169 280 79v177h-8V40.79C272 18.36 253.644-.422 231.219.007 209.488.423 192 18.169 192 40v216h-8V80.79c0-22.43-18.356-41.212-40.781-40.783C121.488 40.423 104 58.169 104 80v235.992l-31.648-43.519c-12.993-17.866-38.009-21.817-55.877-8.823-17.865 12.994-21.815 38.01-8.822 55.877l125.601 172.705A48 48 0 0 0 172.073 512h197.59c22.274 0 41.622-15.324 46.724-37.006l26.508-112.66a192.011 192.011 0 0 0 5.104-43.975V168c.001-21.831-17.487-39.577-39.218-39.993z\"><\/path><\/svg>\t\t\t\t<\/div>\n\t\t\t\t<div class=\"e-icon-wrapper e-icon-unmarked\">\n\t\t\t\t\t<svg aria-hidden=\"true\" class=\"e-font-icon-svg e-fas-hand-paper\" viewBox=\"0 0 448 512\" xmlns=\"http:\/\/www.w3.org\/2000\/svg\"><path d=\"M408.781 128.007C386.356 127.578 368 146.36 368 168.79V256h-8V79.79c0-22.43-18.356-41.212-40.781-40.783C297.488 39.423 280 57.169 280 79v177h-8V40.79C272 18.36 253.644-.422 231.219.007 209.488.423 192 18.169 192 40v216h-8V80.79c0-22.43-18.356-41.212-40.781-40.783C121.488 40.423 104 58.169 104 80v235.992l-31.648-43.519c-12.993-17.866-38.009-21.817-55.877-8.823-17.865 12.994-21.815 38.01-8.822 55.877l125.601 172.705A48 48 0 0 0 172.073 512h197.59c22.274 0 41.622-15.324 46.724-37.006l26.508-112.66a192.011 192.011 0 0 0 5.104-43.975V168c.001-21.831-17.487-39.577-39.218-39.993z\"><\/path><\/svg>\t\t\t\t<\/div>\n\t\t\t<\/div>\n\t\t\t\t\t\t<div class=\"e-icon\">\n\t\t\t\t<div class=\"e-icon-wrapper e-icon-marked\" style=\"--e-rating-icon-marked-width: 0%;\">\n\t\t\t\t\t<svg aria-hidden=\"true\" class=\"e-font-icon-svg e-fas-hand-paper\" viewBox=\"0 0 448 512\" xmlns=\"http:\/\/www.w3.org\/2000\/svg\"><path d=\"M408.781 128.007C386.356 127.578 368 146.36 368 168.79V256h-8V79.79c0-22.43-18.356-41.212-40.781-40.783C297.488 39.423 280 57.169 280 79v177h-8V40.79C272 18.36 253.644-.422 231.219.007 209.488.423 192 18.169 192 40v216h-8V80.79c0-22.43-18.356-41.212-40.781-40.783C121.488 40.423 104 58.169 104 80v235.992l-31.648-43.519c-12.993-17.866-38.009-21.817-55.877-8.823-17.865 12.994-21.815 38.01-8.822 55.877l125.601 172.705A48 48 0 0 0 172.073 512h197.59c22.274 0 41.622-15.324 46.724-37.006l26.508-112.66a192.011 192.011 0 0 0 5.104-43.975V168c.001-21.831-17.487-39.577-39.218-39.993z\"><\/path><\/svg>\t\t\t\t<\/div>\n\t\t\t\t<div class=\"e-icon-wrapper e-icon-unmarked\">\n\t\t\t\t\t<svg aria-hidden=\"true\" class=\"e-font-icon-svg e-fas-hand-paper\" viewBox=\"0 0 448 512\" xmlns=\"http:\/\/www.w3.org\/2000\/svg\"><path d=\"M408.781 128.007C386.356 127.578 368 146.36 368 168.79V256h-8V79.79c0-22.43-18.356-41.212-40.781-40.783C297.488 39.423 280 57.169 280 79v177h-8V40.79C272 18.36 253.644-.422 231.219.007 209.488.423 192 18.169 192 40v216h-8V80.79c0-22.43-18.356-41.212-40.781-40.783C121.488 40.423 104 58.169 104 80v235.992l-31.648-43.519c-12.993-17.866-38.009-21.817-55.877-8.823-17.865 12.994-21.815 38.01-8.822 55.877l125.601 172.705A48 48 0 0 0 172.073 512h197.59c22.274 0 41.622-15.324 46.724-37.006l26.508-112.66a192.011 192.011 0 0 0 5.104-43.975V168c.001-21.831-17.487-39.577-39.218-39.993z\"><\/path><\/svg>\t\t\t\t<\/div>\n\t\t\t<\/div>\n\t\t\t\t\t\t<div class=\"e-icon\">\n\t\t\t\t<div class=\"e-icon-wrapper e-icon-marked\" style=\"--e-rating-icon-marked-width: 0%;\">\n\t\t\t\t\t<svg aria-hidden=\"true\" class=\"e-font-icon-svg e-fas-hand-paper\" viewBox=\"0 0 448 512\" xmlns=\"http:\/\/www.w3.org\/2000\/svg\"><path d=\"M408.781 128.007C386.356 127.578 368 146.36 368 168.79V256h-8V79.79c0-22.43-18.356-41.212-40.781-40.783C297.488 39.423 280 57.169 280 79v177h-8V40.79C272 18.36 253.644-.422 231.219.007 209.488.423 192 18.169 192 40v216h-8V80.79c0-22.43-18.356-41.212-40.781-40.783C121.488 40.423 104 58.169 104 80v235.992l-31.648-43.519c-12.993-17.866-38.009-21.817-55.877-8.823-17.865 12.994-21.815 38.01-8.822 55.877l125.601 172.705A48 48 0 0 0 172.073 512h197.59c22.274 0 41.622-15.324 46.724-37.006l26.508-112.66a192.011 192.011 0 0 0 5.104-43.975V168c.001-21.831-17.487-39.577-39.218-39.993z\"><\/path><\/svg>\t\t\t\t<\/div>\n\t\t\t\t<div class=\"e-icon-wrapper e-icon-unmarked\">\n\t\t\t\t\t<svg aria-hidden=\"true\" class=\"e-font-icon-svg e-fas-hand-paper\" viewBox=\"0 0 448 512\" xmlns=\"http:\/\/www.w3.org\/2000\/svg\"><path d=\"M408.781 128.007C386.356 127.578 368 146.36 368 168.79V256h-8V79.79c0-22.43-18.356-41.212-40.781-40.783C297.488 39.423 280 57.169 280 79v177h-8V40.79C272 18.36 253.644-.422 231.219.007 209.488.423 192 18.169 192 40v216h-8V80.79c0-22.43-18.356-41.212-40.781-40.783C121.488 40.423 104 58.169 104 80v235.992l-31.648-43.519c-12.993-17.866-38.009-21.817-55.877-8.823-17.865 12.994-21.815 38.01-8.822 55.877l125.601 172.705A48 48 0 0 0 172.073 512h197.59c22.274 0 41.622-15.324 46.724-37.006l26.508-112.66a192.011 192.011 0 0 0 5.104-43.975V168c.001-21.831-17.487-39.577-39.218-39.993z\"><\/path><\/svg>\t\t\t\t<\/div>\n\t\t\t<\/div>\n\t\t\t\t\t\t<div class=\"e-icon\">\n\t\t\t\t<div class=\"e-icon-wrapper e-icon-marked\" style=\"--e-rating-icon-marked-width: 0%;\">\n\t\t\t\t\t<svg aria-hidden=\"true\" class=\"e-font-icon-svg e-fas-hand-paper\" viewBox=\"0 0 448 512\" xmlns=\"http:\/\/www.w3.org\/2000\/svg\"><path d=\"M408.781 128.007C386.356 127.578 368 146.36 368 168.79V256h-8V79.79c0-22.43-18.356-41.212-40.781-40.783C297.488 39.423 280 57.169 280 79v177h-8V40.79C272 18.36 253.644-.422 231.219.007 209.488.423 192 18.169 192 40v216h-8V80.79c0-22.43-18.356-41.212-40.781-40.783C121.488 40.423 104 58.169 104 80v235.992l-31.648-43.519c-12.993-17.866-38.009-21.817-55.877-8.823-17.865 12.994-21.815 38.01-8.822 55.877l125.601 172.705A48 48 0 0 0 172.073 512h197.59c22.274 0 41.622-15.324 46.724-37.006l26.508-112.66a192.011 192.011 0 0 0 5.104-43.975V168c.001-21.831-17.487-39.577-39.218-39.993z\"><\/path><\/svg>\t\t\t\t<\/div>\n\t\t\t\t<div class=\"e-icon-wrapper e-icon-unmarked\">\n\t\t\t\t\t<svg aria-hidden=\"true\" class=\"e-font-icon-svg e-fas-hand-paper\" viewBox=\"0 0 448 512\" xmlns=\"http:\/\/www.w3.org\/2000\/svg\"><path d=\"M408.781 128.007C386.356 127.578 368 146.36 368 168.79V256h-8V79.79c0-22.43-18.356-41.212-40.781-40.783C297.488 39.423 280 57.169 280 79v177h-8V40.79C272 18.36 253.644-.422 231.219.007 209.488.423 192 18.169 192 40v216h-8V80.79c0-22.43-18.356-41.212-40.781-40.783C121.488 40.423 104 58.169 104 80v235.992l-31.648-43.519c-12.993-17.866-38.009-21.817-55.877-8.823-17.865 12.994-21.815 38.01-8.822 55.877l125.601 172.705A48 48 0 0 0 172.073 512h197.59c22.274 0 41.622-15.324 46.724-37.006l26.508-112.66a192.011 192.011 0 0 0 5.104-43.975V168c.001-21.831-17.487-39.577-39.218-39.993z\"><\/path><\/svg>\t\t\t\t<\/div>\n\t\t\t<\/div>\n\t\t\t\t\t\t<\/div>\n\t\t<\/div>\n\t\t\t\t\t\t<\/div>\n\t\t\t\t<\/div>\n\t\t\t\t<\/div>\n\t\t\t\t\t<\/div>\n\t\t\t\t<\/div>\n\t\t\t\t<\/div>\n\t\t<div class=\"elementor-element elementor-element-fd804f8 e-con-full e-flex e-con e-child\" data-id=\"fd804f8\" data-element_type=\"container\" data-e-type=\"container\">\n\t\t\t\t<div class=\"elementor-element elementor-element-b39a24f elementor-widget__width-auto elementor-arrows-position-inside elementor-pagination-position-outside elementor-widget elementor-widget-image-carousel\" data-id=\"b39a24f\" data-element_type=\"widget\" data-e-type=\"widget\" data-settings=\"{&quot;slides_to_show&quot;:&quot;1&quot;,&quot;navigation&quot;:&quot;both&quot;,&quot;autoplay&quot;:&quot;yes&quot;,&quot;pause_on_hover&quot;:&quot;yes&quot;,&quot;pause_on_interaction&quot;:&quot;yes&quot;,&quot;autoplay_speed&quot;:5000,&quot;infinite&quot;:&quot;yes&quot;,&quot;effect&quot;:&quot;slide&quot;,&quot;speed&quot;:500}\" data-widget_type=\"image-carousel.default\">\n\t\t\t\t<div class=\"elementor-widget-container\">\n\t\t\t\t\t\t\t<div class=\"elementor-image-carousel-wrapper swiper\" role=\"region\" aria-roledescription=\"carousel\" aria-label=\"Image Carousel\" dir=\"ltr\">\n\t\t\t<div class=\"elementor-image-carousel swiper-wrapper\" aria-live=\"off\">\n\t\t\t\t\t\t\t\t<div class=\"swiper-slide\" role=\"group\" aria-roledescription=\"slide\" aria-label=\"1 of 1\"><figure class=\"swiper-slide-inner\"><img decoding=\"async\" class=\"swiper-slide-image\" src=\"https:\/\/martynacraft.com\/wp-content\/uploads\/2024\/04\/filcowe-pisanki-3-2_3-1024x682.jpg\" alt=\"filcowe pisanki 3 2_3\" \/><\/figure><\/div>\t\t\t<\/div>\n\t\t\t\t\t<\/div>\n\t\t\t\t\t\t<\/div>\n\t\t\t\t<\/div>\n\t\t\t\t<\/div>\n\t\t\t\t\t<\/div>\n\t\t\t\t<\/div>\n\t\t\t\t<\/div>\n\t\t","protected":false},"excerpt":{"rendered":"<p>Mruczki z w\u0142\u00f3czki Podczas warsztat\u00f3w uczestnicy poznaj\u0105 podstawy filcowania na sucho i stworz\u0105 w\u0142asne, urocze kotki z we\u0142ny czesankowej. Zaj\u0119cia wprowadzaj\u0105 w technik\u0119 pracy z filcem i pozwalaj\u0105 rozwija\u0107 zdolno\u015bci&hellip;&nbsp;<a href=\"https:\/\/martynacraft.com\/index.php\/mruczki-z-wloczki\/\" rel=\"bookmark\">Read More &raquo;<span class=\"screen-reader-text\">Mruczki z w\u0142\u00f3czki<\/span><\/a><\/p>\n","protected":false},"author":1,"featured_media":0,"parent":0,"menu_order":0,"comment_status":"closed","ping_status":"closed","template":"page-templates\/template-pagebuilder-full-width.php","meta":{"neve_meta_sidebar":"","neve_meta_container":"","neve_meta_enable_content_width":"","neve_meta_content_width":0,"neve_meta_title_alignment":"","neve_meta_author_avatar":"","neve_post_elements_order":"","neve_meta_disable_header":"","neve_meta_disable_footer":"","neve_meta_disable_title":"","footnotes":""},"class_list":["post-3358","page","type-page","status-publish","hentry"],"_links":{"self":[{"href":"https:\/\/martynacraft.com\/index.php\/wp-json\/wp\/v2\/pages\/3358","targetHints":{"allow":["GET"]}}],"collection":[{"href":"https:\/\/martynacraft.com\/index.php\/wp-json\/wp\/v2\/pages"}],"about":[{"href":"https:\/\/martynacraft.com\/index.php\/wp-json\/wp\/v2\/types\/page"}],"author":[{"embeddable":true,"href":"https:\/\/martynacraft.com\/index.php\/wp-json\/wp\/v2\/users\/1"}],"replies":[{"embeddable":true,"href":"https:\/\/martynacraft.com\/index.php\/wp-json\/wp\/v2\/comments?post=3358"}],"version-history":[{"count":4,"href":"https:\/\/martynacraft.com\/index.php\/wp-json\/wp\/v2\/pages\/3358\/revisions"}],"predecessor-version":[{"id":3444,"href":"https:\/\/martynacraft.com\/index.php\/wp-json\/wp\/v2\/pages\/3358\/revisions\/3444"}],"wp:attachment":[{"href":"https:\/\/martynacraft.com\/index.php\/wp-json\/wp\/v2\/media?parent=3358"}],"curies":[{"name":"wp","href":"https:\/\/api.w.org\/{rel}","templated":true}]}}