{"id":2527,"date":"2025-05-19T16:28:04","date_gmt":"2025-05-19T14:28:04","guid":{"rendered":"https:\/\/martynacraft.com\/?page_id=2527"},"modified":"2026-05-05T17:29:54","modified_gmt":"2026-05-05T15:29:54","slug":"boho-lampion","status":"publish","type":"page","link":"https:\/\/martynacraft.com\/index.php\/boho-lampion\/","title":{"rendered":"Boho lampion"},"content":{"rendered":"\t\t<div data-elementor-type=\"wp-page\" data-elementor-id=\"2527\" class=\"elementor elementor-2527\">\n\t\t\t\t<div class=\"elementor-element elementor-element-c760112 e-flex e-con-boxed e-con e-parent\" data-id=\"c760112\" data-element_type=\"container\" data-e-type=\"container\">\n\t\t\t\t\t<div class=\"e-con-inner\">\n\t\t<div class=\"elementor-element elementor-element-6f4b702 e-con-full e-flex e-con e-child\" data-id=\"6f4b702\" data-element_type=\"container\" data-e-type=\"container\" data-settings=\"{&quot;background_background&quot;:&quot;slideshow&quot;,&quot;background_slideshow_gallery&quot;:[],&quot;background_slideshow_loop&quot;:&quot;yes&quot;,&quot;background_slideshow_slide_duration&quot;:5000,&quot;background_slideshow_slide_transition&quot;:&quot;fade&quot;,&quot;background_slideshow_transition_duration&quot;:500}\">\n\t\t\t\t<div class=\"elementor-element elementor-element-ab40000 elementor-widget__width-initial elementor-widget elementor-widget-heading\" data-id=\"ab40000\" data-element_type=\"widget\" data-e-type=\"widget\" data-widget_type=\"heading.default\">\n\t\t\t\t<div class=\"elementor-widget-container\">\n\t\t\t\t\t<h1 class=\"elementor-heading-title elementor-size-default\">Boho lampion<\/h1>\t\t\t\t<\/div>\n\t\t\t\t<\/div>\n\t\t<div class=\"elementor-element elementor-element-b7f6c2e e-flex e-con-boxed e-con e-child\" data-id=\"b7f6c2e\" data-element_type=\"container\" data-e-type=\"container\">\n\t\t\t\t\t<div class=\"e-con-inner\">\n\t\t\t\t<div class=\"elementor-element elementor-element-7eb394c elementor-widget elementor-widget-text-editor\" data-id=\"7eb394c\" data-element_type=\"widget\" data-e-type=\"widget\" data-widget_type=\"text-editor.default\">\n\t\t\t\t<div class=\"elementor-widget-container\">\n\t\t\t\t\t\t\t\t\t<p>Makramowy lampion to nie tylko okazja \u017ceby nauczy\u0107 si\u0119 przydatnych i estetycznych w\u0119z\u0142\u00f3w ale te\u017c mo\u017cliwo\u015b\u0107 budowania postaw proekologicznych. Na warsztatach niepotrzebny s\u0142oik dostanie drugie \u017cycie i mo\u017ce cieszy\u0107 nasze oko jeszcze d\u0142ugie lata.\u00a0<\/p><p>UWAGA! Uczestnicy przynosz\u0105 w\u0142asne s\u0142oiki ~12 &#8211; 15 cm wysoko\u015bci, dok\u0142adna wielko\u015b\u0107 s\u0142oika nie ma znaczenia!<\/p><p>Czas trwania: <strong>1,5h<\/strong><br \/>Liczba uczestnik\u00f3w:\u00a0 <strong>do 16 os\u00f3b<\/strong><br \/>Grupy wiekowe: <strong>dzieci 8+, m\u0142odzie\u017c licealna i doro\u015bli<\/strong><strong><br \/><\/strong><\/p>\t\t\t\t\t\t\t\t<\/div>\n\t\t\t\t<\/div>\n\t\t\t\t\t<\/div>\n\t\t\t\t<\/div>\n\t\t<div class=\"elementor-element elementor-element-4b46ef0 e-flex e-con-boxed e-con e-child\" data-id=\"4b46ef0\" data-element_type=\"container\" data-e-type=\"container\">\n\t\t\t\t\t<div class=\"e-con-inner\">\n\t\t<div class=\"elementor-element elementor-element-b8b8731 e-con-full e-flex e-con e-child\" data-id=\"b8b8731\" data-element_type=\"container\" data-e-type=\"container\">\n\t\t\t\t<div class=\"elementor-element elementor-element-0981d7f elementor-widget elementor-widget-text-editor\" data-id=\"0981d7f\" data-element_type=\"widget\" data-e-type=\"widget\" data-widget_type=\"text-editor.default\">\n\t\t\t\t<div class=\"elementor-widget-container\">\n\t\t\t\t\t\t\t\t\t<p>Poziom trudno\u015bci<\/p>\t\t\t\t\t\t\t\t<\/div>\n\t\t\t\t<\/div>\n\t\t\t\t<\/div>\n\t\t<div class=\"elementor-element elementor-element-edae3ab e-con-full e-flex e-con e-child\" data-id=\"edae3ab\" data-element_type=\"container\" data-e-type=\"container\">\n\t\t\t\t<div class=\"elementor-element elementor-element-a8c8349 elementor-widget__width-initial elementor-widget elementor-widget-rating\" data-id=\"a8c8349\" data-element_type=\"widget\" data-e-type=\"widget\" data-widget_type=\"rating.default\">\n\t\t\t\t<div class=\"elementor-widget-container\">\n\t\t\t\t\t\t\t<div class=\"e-rating\" itemtype=\"https:\/\/schema.org\/Rating\" itemscope=\"\" itemprop=\"reviewRating\">\n\t\t\t<meta itemprop=\"worstRating\" content=\"0\">\n\t\t\t<meta itemprop=\"bestRating\" content=\"5\">\n\t\t\t<div class=\"e-rating-wrapper\" itemprop=\"ratingValue\" content=\"1.5\" role=\"img\" aria-label=\"Rated 1.5 out of 5\">\n\t\t\t\t\t\t\t<div class=\"e-icon\">\n\t\t\t\t<div class=\"e-icon-wrapper e-icon-marked\">\n\t\t\t\t\t<svg aria-hidden=\"true\" class=\"e-font-icon-svg e-fas-hand-paper\" viewBox=\"0 0 448 512\" xmlns=\"http:\/\/www.w3.org\/2000\/svg\"><path d=\"M408.781 128.007C386.356 127.578 368 146.36 368 168.79V256h-8V79.79c0-22.43-18.356-41.212-40.781-40.783C297.488 39.423 280 57.169 280 79v177h-8V40.79C272 18.36 253.644-.422 231.219.007 209.488.423 192 18.169 192 40v216h-8V80.79c0-22.43-18.356-41.212-40.781-40.783C121.488 40.423 104 58.169 104 80v235.992l-31.648-43.519c-12.993-17.866-38.009-21.817-55.877-8.823-17.865 12.994-21.815 38.01-8.822 55.877l125.601 172.705A48 48 0 0 0 172.073 512h197.59c22.274 0 41.622-15.324 46.724-37.006l26.508-112.66a192.011 192.011 0 0 0 5.104-43.975V168c.001-21.831-17.487-39.577-39.218-39.993z\"><\/path><\/svg>\t\t\t\t<\/div>\n\t\t\t\t<div class=\"e-icon-wrapper e-icon-unmarked\">\n\t\t\t\t\t<svg aria-hidden=\"true\" class=\"e-font-icon-svg e-fas-hand-paper\" viewBox=\"0 0 448 512\" xmlns=\"http:\/\/www.w3.org\/2000\/svg\"><path d=\"M408.781 128.007C386.356 127.578 368 146.36 368 168.79V256h-8V79.79c0-22.43-18.356-41.212-40.781-40.783C297.488 39.423 280 57.169 280 79v177h-8V40.79C272 18.36 253.644-.422 231.219.007 209.488.423 192 18.169 192 40v216h-8V80.79c0-22.43-18.356-41.212-40.781-40.783C121.488 40.423 104 58.169 104 80v235.992l-31.648-43.519c-12.993-17.866-38.009-21.817-55.877-8.823-17.865 12.994-21.815 38.01-8.822 55.877l125.601 172.705A48 48 0 0 0 172.073 512h197.59c22.274 0 41.622-15.324 46.724-37.006l26.508-112.66a192.011 192.011 0 0 0 5.104-43.975V168c.001-21.831-17.487-39.577-39.218-39.993z\"><\/path><\/svg>\t\t\t\t<\/div>\n\t\t\t<\/div>\n\t\t\t\t\t\t<div class=\"e-icon\">\n\t\t\t\t<div class=\"e-icon-wrapper e-icon-marked\" style=\"--e-rating-icon-marked-width: 50%;\">\n\t\t\t\t\t<svg aria-hidden=\"true\" class=\"e-font-icon-svg e-fas-hand-paper\" viewBox=\"0 0 448 512\" xmlns=\"http:\/\/www.w3.org\/2000\/svg\"><path d=\"M408.781 128.007C386.356 127.578 368 146.36 368 168.79V256h-8V79.79c0-22.43-18.356-41.212-40.781-40.783C297.488 39.423 280 57.169 280 79v177h-8V40.79C272 18.36 253.644-.422 231.219.007 209.488.423 192 18.169 192 40v216h-8V80.79c0-22.43-18.356-41.212-40.781-40.783C121.488 40.423 104 58.169 104 80v235.992l-31.648-43.519c-12.993-17.866-38.009-21.817-55.877-8.823-17.865 12.994-21.815 38.01-8.822 55.877l125.601 172.705A48 48 0 0 0 172.073 512h197.59c22.274 0 41.622-15.324 46.724-37.006l26.508-112.66a192.011 192.011 0 0 0 5.104-43.975V168c.001-21.831-17.487-39.577-39.218-39.993z\"><\/path><\/svg>\t\t\t\t<\/div>\n\t\t\t\t<div class=\"e-icon-wrapper e-icon-unmarked\">\n\t\t\t\t\t<svg aria-hidden=\"true\" class=\"e-font-icon-svg e-fas-hand-paper\" viewBox=\"0 0 448 512\" xmlns=\"http:\/\/www.w3.org\/2000\/svg\"><path d=\"M408.781 128.007C386.356 127.578 368 146.36 368 168.79V256h-8V79.79c0-22.43-18.356-41.212-40.781-40.783C297.488 39.423 280 57.169 280 79v177h-8V40.79C272 18.36 253.644-.422 231.219.007 209.488.423 192 18.169 192 40v216h-8V80.79c0-22.43-18.356-41.212-40.781-40.783C121.488 40.423 104 58.169 104 80v235.992l-31.648-43.519c-12.993-17.866-38.009-21.817-55.877-8.823-17.865 12.994-21.815 38.01-8.822 55.877l125.601 172.705A48 48 0 0 0 172.073 512h197.59c22.274 0 41.622-15.324 46.724-37.006l26.508-112.66a192.011 192.011 0 0 0 5.104-43.975V168c.001-21.831-17.487-39.577-39.218-39.993z\"><\/path><\/svg>\t\t\t\t<\/div>\n\t\t\t<\/div>\n\t\t\t\t\t\t<div class=\"e-icon\">\n\t\t\t\t<div class=\"e-icon-wrapper e-icon-marked\" style=\"--e-rating-icon-marked-width: 0%;\">\n\t\t\t\t\t<svg aria-hidden=\"true\" class=\"e-font-icon-svg e-fas-hand-paper\" viewBox=\"0 0 448 512\" xmlns=\"http:\/\/www.w3.org\/2000\/svg\"><path d=\"M408.781 128.007C386.356 127.578 368 146.36 368 168.79V256h-8V79.79c0-22.43-18.356-41.212-40.781-40.783C297.488 39.423 280 57.169 280 79v177h-8V40.79C272 18.36 253.644-.422 231.219.007 209.488.423 192 18.169 192 40v216h-8V80.79c0-22.43-18.356-41.212-40.781-40.783C121.488 40.423 104 58.169 104 80v235.992l-31.648-43.519c-12.993-17.866-38.009-21.817-55.877-8.823-17.865 12.994-21.815 38.01-8.822 55.877l125.601 172.705A48 48 0 0 0 172.073 512h197.59c22.274 0 41.622-15.324 46.724-37.006l26.508-112.66a192.011 192.011 0 0 0 5.104-43.975V168c.001-21.831-17.487-39.577-39.218-39.993z\"><\/path><\/svg>\t\t\t\t<\/div>\n\t\t\t\t<div class=\"e-icon-wrapper e-icon-unmarked\">\n\t\t\t\t\t<svg aria-hidden=\"true\" class=\"e-font-icon-svg e-fas-hand-paper\" viewBox=\"0 0 448 512\" xmlns=\"http:\/\/www.w3.org\/2000\/svg\"><path d=\"M408.781 128.007C386.356 127.578 368 146.36 368 168.79V256h-8V79.79c0-22.43-18.356-41.212-40.781-40.783C297.488 39.423 280 57.169 280 79v177h-8V40.79C272 18.36 253.644-.422 231.219.007 209.488.423 192 18.169 192 40v216h-8V80.79c0-22.43-18.356-41.212-40.781-40.783C121.488 40.423 104 58.169 104 80v235.992l-31.648-43.519c-12.993-17.866-38.009-21.817-55.877-8.823-17.865 12.994-21.815 38.01-8.822 55.877l125.601 172.705A48 48 0 0 0 172.073 512h197.59c22.274 0 41.622-15.324 46.724-37.006l26.508-112.66a192.011 192.011 0 0 0 5.104-43.975V168c.001-21.831-17.487-39.577-39.218-39.993z\"><\/path><\/svg>\t\t\t\t<\/div>\n\t\t\t<\/div>\n\t\t\t\t\t\t<div class=\"e-icon\">\n\t\t\t\t<div class=\"e-icon-wrapper e-icon-marked\" style=\"--e-rating-icon-marked-width: 0%;\">\n\t\t\t\t\t<svg aria-hidden=\"true\" class=\"e-font-icon-svg e-fas-hand-paper\" viewBox=\"0 0 448 512\" xmlns=\"http:\/\/www.w3.org\/2000\/svg\"><path d=\"M408.781 128.007C386.356 127.578 368 146.36 368 168.79V256h-8V79.79c0-22.43-18.356-41.212-40.781-40.783C297.488 39.423 280 57.169 280 79v177h-8V40.79C272 18.36 253.644-.422 231.219.007 209.488.423 192 18.169 192 40v216h-8V80.79c0-22.43-18.356-41.212-40.781-40.783C121.488 40.423 104 58.169 104 80v235.992l-31.648-43.519c-12.993-17.866-38.009-21.817-55.877-8.823-17.865 12.994-21.815 38.01-8.822 55.877l125.601 172.705A48 48 0 0 0 172.073 512h197.59c22.274 0 41.622-15.324 46.724-37.006l26.508-112.66a192.011 192.011 0 0 0 5.104-43.975V168c.001-21.831-17.487-39.577-39.218-39.993z\"><\/path><\/svg>\t\t\t\t<\/div>\n\t\t\t\t<div class=\"e-icon-wrapper e-icon-unmarked\">\n\t\t\t\t\t<svg aria-hidden=\"true\" class=\"e-font-icon-svg e-fas-hand-paper\" viewBox=\"0 0 448 512\" xmlns=\"http:\/\/www.w3.org\/2000\/svg\"><path d=\"M408.781 128.007C386.356 127.578 368 146.36 368 168.79V256h-8V79.79c0-22.43-18.356-41.212-40.781-40.783C297.488 39.423 280 57.169 280 79v177h-8V40.79C272 18.36 253.644-.422 231.219.007 209.488.423 192 18.169 192 40v216h-8V80.79c0-22.43-18.356-41.212-40.781-40.783C121.488 40.423 104 58.169 104 80v235.992l-31.648-43.519c-12.993-17.866-38.009-21.817-55.877-8.823-17.865 12.994-21.815 38.01-8.822 55.877l125.601 172.705A48 48 0 0 0 172.073 512h197.59c22.274 0 41.622-15.324 46.724-37.006l26.508-112.66a192.011 192.011 0 0 0 5.104-43.975V168c.001-21.831-17.487-39.577-39.218-39.993z\"><\/path><\/svg>\t\t\t\t<\/div>\n\t\t\t<\/div>\n\t\t\t\t\t\t<div class=\"e-icon\">\n\t\t\t\t<div class=\"e-icon-wrapper e-icon-marked\" style=\"--e-rating-icon-marked-width: 0%;\">\n\t\t\t\t\t<svg aria-hidden=\"true\" class=\"e-font-icon-svg e-fas-hand-paper\" viewBox=\"0 0 448 512\" xmlns=\"http:\/\/www.w3.org\/2000\/svg\"><path d=\"M408.781 128.007C386.356 127.578 368 146.36 368 168.79V256h-8V79.79c0-22.43-18.356-41.212-40.781-40.783C297.488 39.423 280 57.169 280 79v177h-8V40.79C272 18.36 253.644-.422 231.219.007 209.488.423 192 18.169 192 40v216h-8V80.79c0-22.43-18.356-41.212-40.781-40.783C121.488 40.423 104 58.169 104 80v235.992l-31.648-43.519c-12.993-17.866-38.009-21.817-55.877-8.823-17.865 12.994-21.815 38.01-8.822 55.877l125.601 172.705A48 48 0 0 0 172.073 512h197.59c22.274 0 41.622-15.324 46.724-37.006l26.508-112.66a192.011 192.011 0 0 0 5.104-43.975V168c.001-21.831-17.487-39.577-39.218-39.993z\"><\/path><\/svg>\t\t\t\t<\/div>\n\t\t\t\t<div class=\"e-icon-wrapper e-icon-unmarked\">\n\t\t\t\t\t<svg aria-hidden=\"true\" class=\"e-font-icon-svg e-fas-hand-paper\" viewBox=\"0 0 448 512\" xmlns=\"http:\/\/www.w3.org\/2000\/svg\"><path d=\"M408.781 128.007C386.356 127.578 368 146.36 368 168.79V256h-8V79.79c0-22.43-18.356-41.212-40.781-40.783C297.488 39.423 280 57.169 280 79v177h-8V40.79C272 18.36 253.644-.422 231.219.007 209.488.423 192 18.169 192 40v216h-8V80.79c0-22.43-18.356-41.212-40.781-40.783C121.488 40.423 104 58.169 104 80v235.992l-31.648-43.519c-12.993-17.866-38.009-21.817-55.877-8.823-17.865 12.994-21.815 38.01-8.822 55.877l125.601 172.705A48 48 0 0 0 172.073 512h197.59c22.274 0 41.622-15.324 46.724-37.006l26.508-112.66a192.011 192.011 0 0 0 5.104-43.975V168c.001-21.831-17.487-39.577-39.218-39.993z\"><\/path><\/svg>\t\t\t\t<\/div>\n\t\t\t<\/div>\n\t\t\t\t\t\t<\/div>\n\t\t<\/div>\n\t\t\t\t\t\t<\/div>\n\t\t\t\t<\/div>\n\t\t\t\t<\/div>\n\t\t\t\t\t<\/div>\n\t\t\t\t<\/div>\n\t\t\t\t<\/div>\n\t\t<div class=\"elementor-element elementor-element-f03e696 e-con-full e-flex e-con e-child\" data-id=\"f03e696\" data-element_type=\"container\" data-e-type=\"container\">\n\t\t\t\t<div class=\"elementor-element elementor-element-888dffa elementor-widget__width-auto elementor-arrows-position-inside elementor-pagination-position-outside elementor-widget elementor-widget-image-carousel\" data-id=\"888dffa\" data-element_type=\"widget\" data-e-type=\"widget\" data-settings=\"{&quot;slides_to_show&quot;:&quot;1&quot;,&quot;navigation&quot;:&quot;both&quot;,&quot;autoplay&quot;:&quot;yes&quot;,&quot;pause_on_hover&quot;:&quot;yes&quot;,&quot;pause_on_interaction&quot;:&quot;yes&quot;,&quot;autoplay_speed&quot;:5000,&quot;infinite&quot;:&quot;yes&quot;,&quot;effect&quot;:&quot;slide&quot;,&quot;speed&quot;:500}\" data-widget_type=\"image-carousel.default\">\n\t\t\t\t<div class=\"elementor-widget-container\">\n\t\t\t\t\t\t\t<div class=\"elementor-image-carousel-wrapper swiper\" role=\"region\" aria-roledescription=\"carousel\" aria-label=\"Image Carousel\" dir=\"ltr\">\n\t\t\t<div class=\"elementor-image-carousel swiper-wrapper\" aria-live=\"off\">\n\t\t\t\t\t\t\t\t<div class=\"swiper-slide\" role=\"group\" aria-roledescription=\"slide\" aria-label=\"1 of 1\"><figure class=\"swiper-slide-inner\"><img decoding=\"async\" class=\"swiper-slide-image\" src=\"https:\/\/martynacraft.com\/wp-content\/uploads\/2025\/09\/lampion-1-2_3-768x512.jpg\" alt=\"Boho lampion, Martyna Craft\" \/><figcaption class=\"elementor-image-carousel-caption\">Boho lampion, Martyna Craft<\/figcaption><\/figure><\/div>\t\t\t<\/div>\n\t\t\t\t\t<\/div>\n\t\t\t\t\t\t<\/div>\n\t\t\t\t<\/div>\n\t\t\t\t<\/div>\n\t\t\t\t\t<\/div>\n\t\t\t\t<\/div>\n\t\t\t\t<\/div>\n\t\t","protected":false},"excerpt":{"rendered":"<p>Boho lampion Makramowy lampion to nie tylko okazja \u017ceby nauczy\u0107 si\u0119 przydatnych i estetycznych w\u0119z\u0142\u00f3w ale te\u017c mo\u017cliwo\u015b\u0107 budowania postaw proekologicznych. Na warsztatach niepotrzebny s\u0142oik dostanie drugie \u017cycie i mo\u017ce&hellip;&nbsp;<a href=\"https:\/\/martynacraft.com\/index.php\/boho-lampion\/\" rel=\"bookmark\">Read More &raquo;<span class=\"screen-reader-text\">Boho lampion<\/span><\/a><\/p>\n","protected":false},"author":1,"featured_media":0,"parent":0,"menu_order":0,"comment_status":"closed","ping_status":"closed","template":"page-templates\/template-pagebuilder-full-width.php","meta":{"neve_meta_sidebar":"","neve_meta_container":"","neve_meta_enable_content_width":"","neve_meta_content_width":0,"neve_meta_title_alignment":"","neve_meta_author_avatar":"","neve_post_elements_order":"","neve_meta_disable_header":"","neve_meta_disable_footer":"","neve_meta_disable_title":"","footnotes":""},"class_list":["post-2527","page","type-page","status-publish","hentry"],"_links":{"self":[{"href":"https:\/\/martynacraft.com\/index.php\/wp-json\/wp\/v2\/pages\/2527","targetHints":{"allow":["GET"]}}],"collection":[{"href":"https:\/\/martynacraft.com\/index.php\/wp-json\/wp\/v2\/pages"}],"about":[{"href":"https:\/\/martynacraft.com\/index.php\/wp-json\/wp\/v2\/types\/page"}],"author":[{"embeddable":true,"href":"https:\/\/martynacraft.com\/index.php\/wp-json\/wp\/v2\/users\/1"}],"replies":[{"embeddable":true,"href":"https:\/\/martynacraft.com\/index.php\/wp-json\/wp\/v2\/comments?post=2527"}],"version-history":[{"count":23,"href":"https:\/\/martynacraft.com\/index.php\/wp-json\/wp\/v2\/pages\/2527\/revisions"}],"predecessor-version":[{"id":3805,"href":"https:\/\/martynacraft.com\/index.php\/wp-json\/wp\/v2\/pages\/2527\/revisions\/3805"}],"wp:attachment":[{"href":"https:\/\/martynacraft.com\/index.php\/wp-json\/wp\/v2\/media?parent=2527"}],"curies":[{"name":"wp","href":"https:\/\/api.w.org\/{rel}","templated":true}]}}