{"id":2117,"date":"2025-04-02T12:55:58","date_gmt":"2025-04-02T10:55:58","guid":{"rendered":"https:\/\/martynacraft.com\/?page_id=2117"},"modified":"2026-03-18T14:30:39","modified_gmt":"2026-03-18T13:30:39","slug":"nietoperze","status":"publish","type":"page","link":"https:\/\/martynacraft.com\/index.php\/nietoperze\/","title":{"rendered":"Nietoperze"},"content":{"rendered":"\t\t<div data-elementor-type=\"wp-page\" data-elementor-id=\"2117\" class=\"elementor elementor-2117\">\n\t\t\t\t<div class=\"elementor-element elementor-element-a4a6ecb e-flex e-con-boxed e-con e-parent\" data-id=\"a4a6ecb\" data-element_type=\"container\" data-e-type=\"container\">\n\t\t\t\t\t<div class=\"e-con-inner\">\n\t\t<div class=\"elementor-element elementor-element-ee29b9a e-con-full e-flex e-con e-child\" data-id=\"ee29b9a\" data-element_type=\"container\" data-e-type=\"container\" data-settings=\"{&quot;background_background&quot;:&quot;slideshow&quot;,&quot;background_slideshow_gallery&quot;:[],&quot;background_slideshow_loop&quot;:&quot;yes&quot;,&quot;background_slideshow_slide_duration&quot;:5000,&quot;background_slideshow_slide_transition&quot;:&quot;fade&quot;,&quot;background_slideshow_transition_duration&quot;:500}\">\n\t\t\t\t<div class=\"elementor-element elementor-element-48275c0 elementor-widget__width-initial elementor-widget elementor-widget-heading\" data-id=\"48275c0\" data-element_type=\"widget\" data-e-type=\"widget\" data-widget_type=\"heading.default\">\n\t\t\t\t<div class=\"elementor-widget-container\">\n\t\t\t\t\t<h1 class=\"elementor-heading-title elementor-size-default\">Jesienne nietoperze<\/h1>\t\t\t\t<\/div>\n\t\t\t\t<\/div>\n\t\t<div class=\"elementor-element elementor-element-fed40ab e-flex e-con-boxed e-con e-child\" data-id=\"fed40ab\" data-element_type=\"container\" data-e-type=\"container\">\n\t\t\t\t\t<div class=\"e-con-inner\">\n\t\t\t\t<div class=\"elementor-element elementor-element-8e15207 elementor-widget elementor-widget-text-editor\" data-id=\"8e15207\" data-element_type=\"widget\" data-e-type=\"widget\" data-widget_type=\"text-editor.default\">\n\t\t\t\t<div class=\"elementor-widget-container\">\n\t\t\t\t\t\t\t\t\t<p>Sznurkowe nietoperze s\u0105 troch\u0119 straszne, troch\u0119 urocze, ale przede wszystkim s\u0105 oryginalnym pomys\u0142em na Halloweenow\u0105 dekoracj\u0119. Na warsztatach uczestnicy poznaj\u0105 kilka podstawowych w\u0119z\u0142\u00f3w i zaplot\u0105 w\u0142asnego nietoperza! Du\u017co uwagi po\u015bwi\u0119cimy te\u017c technice usztywniania i wycinania nietoperzych skrzyde\u0142!<\/p><p>Czas trwania: <strong>3 h<\/strong><br \/>Liczba uczestnik\u00f3w:\u00a0 <strong>do 16 os\u00f3b<\/strong><br \/>Grupy wiekowe:<strong> dzieci 16+, m\u0142odzie\u017c licealna i doro\u015bli<\/strong><\/p>\t\t\t\t\t\t\t\t<\/div>\n\t\t\t\t<\/div>\n\t\t\t\t\t<\/div>\n\t\t\t\t<\/div>\n\t\t<div class=\"elementor-element elementor-element-9a9287d e-flex e-con-boxed e-con e-child\" data-id=\"9a9287d\" data-element_type=\"container\" data-e-type=\"container\">\n\t\t\t\t\t<div class=\"e-con-inner\">\n\t\t<div class=\"elementor-element elementor-element-e08335e e-con-full e-flex e-con e-child\" data-id=\"e08335e\" data-element_type=\"container\" data-e-type=\"container\">\n\t\t\t\t<div class=\"elementor-element elementor-element-947ea7d elementor-widget elementor-widget-text-editor\" data-id=\"947ea7d\" data-element_type=\"widget\" data-e-type=\"widget\" data-widget_type=\"text-editor.default\">\n\t\t\t\t<div class=\"elementor-widget-container\">\n\t\t\t\t\t\t\t\t\t<p>Poziom trudno\u015bci<\/p>\t\t\t\t\t\t\t\t<\/div>\n\t\t\t\t<\/div>\n\t\t\t\t<\/div>\n\t\t<div class=\"elementor-element elementor-element-a16257a e-con-full e-flex e-con e-child\" data-id=\"a16257a\" data-element_type=\"container\" data-e-type=\"container\">\n\t\t\t\t<div class=\"elementor-element elementor-element-9499434 elementor-widget__width-initial elementor-widget elementor-widget-rating\" data-id=\"9499434\" data-element_type=\"widget\" data-e-type=\"widget\" data-widget_type=\"rating.default\">\n\t\t\t\t<div class=\"elementor-widget-container\">\n\t\t\t\t\t\t\t<div class=\"e-rating\" itemtype=\"https:\/\/schema.org\/Rating\" itemscope=\"\" itemprop=\"reviewRating\">\n\t\t\t<meta itemprop=\"worstRating\" content=\"0\">\n\t\t\t<meta itemprop=\"bestRating\" content=\"5\">\n\t\t\t<div class=\"e-rating-wrapper\" itemprop=\"ratingValue\" content=\"3\" role=\"img\" aria-label=\"Rated 3 out of 5\">\n\t\t\t\t\t\t\t<div class=\"e-icon\">\n\t\t\t\t<div class=\"e-icon-wrapper e-icon-marked\">\n\t\t\t\t\t<svg aria-hidden=\"true\" class=\"e-font-icon-svg e-fas-hand-paper\" viewBox=\"0 0 448 512\" xmlns=\"http:\/\/www.w3.org\/2000\/svg\"><path d=\"M408.781 128.007C386.356 127.578 368 146.36 368 168.79V256h-8V79.79c0-22.43-18.356-41.212-40.781-40.783C297.488 39.423 280 57.169 280 79v177h-8V40.79C272 18.36 253.644-.422 231.219.007 209.488.423 192 18.169 192 40v216h-8V80.79c0-22.43-18.356-41.212-40.781-40.783C121.488 40.423 104 58.169 104 80v235.992l-31.648-43.519c-12.993-17.866-38.009-21.817-55.877-8.823-17.865 12.994-21.815 38.01-8.822 55.877l125.601 172.705A48 48 0 0 0 172.073 512h197.59c22.274 0 41.622-15.324 46.724-37.006l26.508-112.66a192.011 192.011 0 0 0 5.104-43.975V168c.001-21.831-17.487-39.577-39.218-39.993z\"><\/path><\/svg>\t\t\t\t<\/div>\n\t\t\t\t<div class=\"e-icon-wrapper e-icon-unmarked\">\n\t\t\t\t\t<svg aria-hidden=\"true\" class=\"e-font-icon-svg e-fas-hand-paper\" viewBox=\"0 0 448 512\" xmlns=\"http:\/\/www.w3.org\/2000\/svg\"><path d=\"M408.781 128.007C386.356 127.578 368 146.36 368 168.79V256h-8V79.79c0-22.43-18.356-41.212-40.781-40.783C297.488 39.423 280 57.169 280 79v177h-8V40.79C272 18.36 253.644-.422 231.219.007 209.488.423 192 18.169 192 40v216h-8V80.79c0-22.43-18.356-41.212-40.781-40.783C121.488 40.423 104 58.169 104 80v235.992l-31.648-43.519c-12.993-17.866-38.009-21.817-55.877-8.823-17.865 12.994-21.815 38.01-8.822 55.877l125.601 172.705A48 48 0 0 0 172.073 512h197.59c22.274 0 41.622-15.324 46.724-37.006l26.508-112.66a192.011 192.011 0 0 0 5.104-43.975V168c.001-21.831-17.487-39.577-39.218-39.993z\"><\/path><\/svg>\t\t\t\t<\/div>\n\t\t\t<\/div>\n\t\t\t\t\t\t<div class=\"e-icon\">\n\t\t\t\t<div class=\"e-icon-wrapper e-icon-marked\">\n\t\t\t\t\t<svg aria-hidden=\"true\" class=\"e-font-icon-svg e-fas-hand-paper\" viewBox=\"0 0 448 512\" xmlns=\"http:\/\/www.w3.org\/2000\/svg\"><path d=\"M408.781 128.007C386.356 127.578 368 146.36 368 168.79V256h-8V79.79c0-22.43-18.356-41.212-40.781-40.783C297.488 39.423 280 57.169 280 79v177h-8V40.79C272 18.36 253.644-.422 231.219.007 209.488.423 192 18.169 192 40v216h-8V80.79c0-22.43-18.356-41.212-40.781-40.783C121.488 40.423 104 58.169 104 80v235.992l-31.648-43.519c-12.993-17.866-38.009-21.817-55.877-8.823-17.865 12.994-21.815 38.01-8.822 55.877l125.601 172.705A48 48 0 0 0 172.073 512h197.59c22.274 0 41.622-15.324 46.724-37.006l26.508-112.66a192.011 192.011 0 0 0 5.104-43.975V168c.001-21.831-17.487-39.577-39.218-39.993z\"><\/path><\/svg>\t\t\t\t<\/div>\n\t\t\t\t<div class=\"e-icon-wrapper e-icon-unmarked\">\n\t\t\t\t\t<svg aria-hidden=\"true\" class=\"e-font-icon-svg e-fas-hand-paper\" viewBox=\"0 0 448 512\" xmlns=\"http:\/\/www.w3.org\/2000\/svg\"><path d=\"M408.781 128.007C386.356 127.578 368 146.36 368 168.79V256h-8V79.79c0-22.43-18.356-41.212-40.781-40.783C297.488 39.423 280 57.169 280 79v177h-8V40.79C272 18.36 253.644-.422 231.219.007 209.488.423 192 18.169 192 40v216h-8V80.79c0-22.43-18.356-41.212-40.781-40.783C121.488 40.423 104 58.169 104 80v235.992l-31.648-43.519c-12.993-17.866-38.009-21.817-55.877-8.823-17.865 12.994-21.815 38.01-8.822 55.877l125.601 172.705A48 48 0 0 0 172.073 512h197.59c22.274 0 41.622-15.324 46.724-37.006l26.508-112.66a192.011 192.011 0 0 0 5.104-43.975V168c.001-21.831-17.487-39.577-39.218-39.993z\"><\/path><\/svg>\t\t\t\t<\/div>\n\t\t\t<\/div>\n\t\t\t\t\t\t<div class=\"e-icon\">\n\t\t\t\t<div class=\"e-icon-wrapper e-icon-marked\">\n\t\t\t\t\t<svg aria-hidden=\"true\" class=\"e-font-icon-svg e-fas-hand-paper\" viewBox=\"0 0 448 512\" xmlns=\"http:\/\/www.w3.org\/2000\/svg\"><path d=\"M408.781 128.007C386.356 127.578 368 146.36 368 168.79V256h-8V79.79c0-22.43-18.356-41.212-40.781-40.783C297.488 39.423 280 57.169 280 79v177h-8V40.79C272 18.36 253.644-.422 231.219.007 209.488.423 192 18.169 192 40v216h-8V80.79c0-22.43-18.356-41.212-40.781-40.783C121.488 40.423 104 58.169 104 80v235.992l-31.648-43.519c-12.993-17.866-38.009-21.817-55.877-8.823-17.865 12.994-21.815 38.01-8.822 55.877l125.601 172.705A48 48 0 0 0 172.073 512h197.59c22.274 0 41.622-15.324 46.724-37.006l26.508-112.66a192.011 192.011 0 0 0 5.104-43.975V168c.001-21.831-17.487-39.577-39.218-39.993z\"><\/path><\/svg>\t\t\t\t<\/div>\n\t\t\t\t<div class=\"e-icon-wrapper e-icon-unmarked\">\n\t\t\t\t\t<svg aria-hidden=\"true\" class=\"e-font-icon-svg e-fas-hand-paper\" viewBox=\"0 0 448 512\" xmlns=\"http:\/\/www.w3.org\/2000\/svg\"><path d=\"M408.781 128.007C386.356 127.578 368 146.36 368 168.79V256h-8V79.79c0-22.43-18.356-41.212-40.781-40.783C297.488 39.423 280 57.169 280 79v177h-8V40.79C272 18.36 253.644-.422 231.219.007 209.488.423 192 18.169 192 40v216h-8V80.79c0-22.43-18.356-41.212-40.781-40.783C121.488 40.423 104 58.169 104 80v235.992l-31.648-43.519c-12.993-17.866-38.009-21.817-55.877-8.823-17.865 12.994-21.815 38.01-8.822 55.877l125.601 172.705A48 48 0 0 0 172.073 512h197.59c22.274 0 41.622-15.324 46.724-37.006l26.508-112.66a192.011 192.011 0 0 0 5.104-43.975V168c.001-21.831-17.487-39.577-39.218-39.993z\"><\/path><\/svg>\t\t\t\t<\/div>\n\t\t\t<\/div>\n\t\t\t\t\t\t<div class=\"e-icon\">\n\t\t\t\t<div class=\"e-icon-wrapper e-icon-marked\" style=\"--e-rating-icon-marked-width: 0%;\">\n\t\t\t\t\t<svg aria-hidden=\"true\" class=\"e-font-icon-svg e-fas-hand-paper\" viewBox=\"0 0 448 512\" xmlns=\"http:\/\/www.w3.org\/2000\/svg\"><path d=\"M408.781 128.007C386.356 127.578 368 146.36 368 168.79V256h-8V79.79c0-22.43-18.356-41.212-40.781-40.783C297.488 39.423 280 57.169 280 79v177h-8V40.79C272 18.36 253.644-.422 231.219.007 209.488.423 192 18.169 192 40v216h-8V80.79c0-22.43-18.356-41.212-40.781-40.783C121.488 40.423 104 58.169 104 80v235.992l-31.648-43.519c-12.993-17.866-38.009-21.817-55.877-8.823-17.865 12.994-21.815 38.01-8.822 55.877l125.601 172.705A48 48 0 0 0 172.073 512h197.59c22.274 0 41.622-15.324 46.724-37.006l26.508-112.66a192.011 192.011 0 0 0 5.104-43.975V168c.001-21.831-17.487-39.577-39.218-39.993z\"><\/path><\/svg>\t\t\t\t<\/div>\n\t\t\t\t<div class=\"e-icon-wrapper e-icon-unmarked\">\n\t\t\t\t\t<svg aria-hidden=\"true\" class=\"e-font-icon-svg e-fas-hand-paper\" viewBox=\"0 0 448 512\" xmlns=\"http:\/\/www.w3.org\/2000\/svg\"><path d=\"M408.781 128.007C386.356 127.578 368 146.36 368 168.79V256h-8V79.79c0-22.43-18.356-41.212-40.781-40.783C297.488 39.423 280 57.169 280 79v177h-8V40.79C272 18.36 253.644-.422 231.219.007 209.488.423 192 18.169 192 40v216h-8V80.79c0-22.43-18.356-41.212-40.781-40.783C121.488 40.423 104 58.169 104 80v235.992l-31.648-43.519c-12.993-17.866-38.009-21.817-55.877-8.823-17.865 12.994-21.815 38.01-8.822 55.877l125.601 172.705A48 48 0 0 0 172.073 512h197.59c22.274 0 41.622-15.324 46.724-37.006l26.508-112.66a192.011 192.011 0 0 0 5.104-43.975V168c.001-21.831-17.487-39.577-39.218-39.993z\"><\/path><\/svg>\t\t\t\t<\/div>\n\t\t\t<\/div>\n\t\t\t\t\t\t<div class=\"e-icon\">\n\t\t\t\t<div class=\"e-icon-wrapper e-icon-marked\" style=\"--e-rating-icon-marked-width: 0%;\">\n\t\t\t\t\t<svg aria-hidden=\"true\" class=\"e-font-icon-svg e-fas-hand-paper\" viewBox=\"0 0 448 512\" xmlns=\"http:\/\/www.w3.org\/2000\/svg\"><path d=\"M408.781 128.007C386.356 127.578 368 146.36 368 168.79V256h-8V79.79c0-22.43-18.356-41.212-40.781-40.783C297.488 39.423 280 57.169 280 79v177h-8V40.79C272 18.36 253.644-.422 231.219.007 209.488.423 192 18.169 192 40v216h-8V80.79c0-22.43-18.356-41.212-40.781-40.783C121.488 40.423 104 58.169 104 80v235.992l-31.648-43.519c-12.993-17.866-38.009-21.817-55.877-8.823-17.865 12.994-21.815 38.01-8.822 55.877l125.601 172.705A48 48 0 0 0 172.073 512h197.59c22.274 0 41.622-15.324 46.724-37.006l26.508-112.66a192.011 192.011 0 0 0 5.104-43.975V168c.001-21.831-17.487-39.577-39.218-39.993z\"><\/path><\/svg>\t\t\t\t<\/div>\n\t\t\t\t<div class=\"e-icon-wrapper e-icon-unmarked\">\n\t\t\t\t\t<svg aria-hidden=\"true\" class=\"e-font-icon-svg e-fas-hand-paper\" viewBox=\"0 0 448 512\" xmlns=\"http:\/\/www.w3.org\/2000\/svg\"><path d=\"M408.781 128.007C386.356 127.578 368 146.36 368 168.79V256h-8V79.79c0-22.43-18.356-41.212-40.781-40.783C297.488 39.423 280 57.169 280 79v177h-8V40.79C272 18.36 253.644-.422 231.219.007 209.488.423 192 18.169 192 40v216h-8V80.79c0-22.43-18.356-41.212-40.781-40.783C121.488 40.423 104 58.169 104 80v235.992l-31.648-43.519c-12.993-17.866-38.009-21.817-55.877-8.823-17.865 12.994-21.815 38.01-8.822 55.877l125.601 172.705A48 48 0 0 0 172.073 512h197.59c22.274 0 41.622-15.324 46.724-37.006l26.508-112.66a192.011 192.011 0 0 0 5.104-43.975V168c.001-21.831-17.487-39.577-39.218-39.993z\"><\/path><\/svg>\t\t\t\t<\/div>\n\t\t\t<\/div>\n\t\t\t\t\t\t<\/div>\n\t\t<\/div>\n\t\t\t\t\t\t<\/div>\n\t\t\t\t<\/div>\n\t\t\t\t<\/div>\n\t\t\t\t\t<\/div>\n\t\t\t\t<\/div>\n\t\t\t\t<\/div>\n\t\t<div class=\"elementor-element elementor-element-204ffc2 e-con-full e-flex e-con e-child\" data-id=\"204ffc2\" data-element_type=\"container\" data-e-type=\"container\">\n\t\t\t\t<div class=\"elementor-element elementor-element-570583c elementor-widget__width-auto elementor-arrows-position-inside elementor-pagination-position-outside elementor-widget elementor-widget-image-carousel\" data-id=\"570583c\" data-element_type=\"widget\" data-e-type=\"widget\" data-settings=\"{&quot;slides_to_show&quot;:&quot;1&quot;,&quot;navigation&quot;:&quot;both&quot;,&quot;autoplay&quot;:&quot;yes&quot;,&quot;pause_on_hover&quot;:&quot;yes&quot;,&quot;pause_on_interaction&quot;:&quot;yes&quot;,&quot;autoplay_speed&quot;:5000,&quot;infinite&quot;:&quot;yes&quot;,&quot;effect&quot;:&quot;slide&quot;,&quot;speed&quot;:500}\" data-widget_type=\"image-carousel.default\">\n\t\t\t\t<div class=\"elementor-widget-container\">\n\t\t\t\t\t\t\t<div class=\"elementor-image-carousel-wrapper swiper\" role=\"region\" aria-roledescription=\"carousel\" aria-label=\"Image Carousel\" dir=\"ltr\">\n\t\t\t<div class=\"elementor-image-carousel swiper-wrapper\" aria-live=\"off\">\n\t\t\t\t\t\t\t\t<div class=\"swiper-slide\" role=\"group\" aria-roledescription=\"slide\" aria-label=\"1 of 9\"><figure class=\"swiper-slide-inner\"><img decoding=\"async\" class=\"swiper-slide-image\" src=\"https:\/\/martynacraft.com\/wp-content\/uploads\/2024\/07\/nieoperze-7-2_3-w-768x512.jpg\" alt=\"Nietoperz, Martyna Craft\" \/><figcaption class=\"elementor-image-carousel-caption\">Nietoperz, Martyna Craft<\/figcaption><\/figure><\/div><div class=\"swiper-slide\" role=\"group\" aria-roledescription=\"slide\" aria-label=\"2 of 9\"><figure class=\"swiper-slide-inner\"><img decoding=\"async\" class=\"swiper-slide-image\" src=\"https:\/\/martynacraft.com\/wp-content\/uploads\/2024\/08\/nietoperz-5-2_3-W-768x512.jpg\" alt=\"Warsztaty nietoperze, MAL Samog\u0142oska\" \/><figcaption class=\"elementor-image-carousel-caption\">Warsztaty nietoperze, MAL Samog\u0142oska<\/figcaption><\/figure><\/div><div class=\"swiper-slide\" role=\"group\" aria-roledescription=\"slide\" aria-label=\"3 of 9\"><figure class=\"swiper-slide-inner\"><img decoding=\"async\" class=\"swiper-slide-image\" src=\"https:\/\/martynacraft.com\/wp-content\/uploads\/2024\/07\/nieoperze-6-2_3-w-768x512.jpg\" alt=\"Warsztaty nietoperze, MAL Samog\u0142oska\" \/><figcaption class=\"elementor-image-carousel-caption\">Warsztaty nietoperze, MAL Samog\u0142oska<\/figcaption><\/figure><\/div><div class=\"swiper-slide\" role=\"group\" aria-roledescription=\"slide\" aria-label=\"4 of 9\"><figure class=\"swiper-slide-inner\"><img decoding=\"async\" class=\"swiper-slide-image\" src=\"https:\/\/martynacraft.com\/wp-content\/uploads\/2024\/07\/nieoperze-4-2_3-w-768x512.jpg\" alt=\"Warsztaty nietoperze, MAL Samog\u0142oska\" \/><figcaption class=\"elementor-image-carousel-caption\">Warsztaty nietoperze, MAL Samog\u0142oska<\/figcaption><\/figure><\/div><div class=\"swiper-slide\" role=\"group\" aria-roledescription=\"slide\" aria-label=\"5 of 9\"><figure class=\"swiper-slide-inner\"><img decoding=\"async\" class=\"swiper-slide-image\" src=\"https:\/\/martynacraft.com\/wp-content\/uploads\/2024\/07\/nieoperze-1-2_3-w-768x512.jpg\" alt=\"Warsztaty nietoperze, MAL Samog\u0142oska\" \/><figcaption class=\"elementor-image-carousel-caption\">Warsztaty nietoperze, MAL Samog\u0142oska<\/figcaption><\/figure><\/div><div class=\"swiper-slide\" role=\"group\" aria-roledescription=\"slide\" aria-label=\"6 of 9\"><figure class=\"swiper-slide-inner\"><img decoding=\"async\" class=\"swiper-slide-image\" src=\"https:\/\/martynacraft.com\/wp-content\/uploads\/2024\/07\/nieoperze-2-2_3-w-768x512.jpg\" alt=\"Warsztaty nietoperze, MAL Samog\u0142oska\" \/><figcaption class=\"elementor-image-carousel-caption\">Warsztaty nietoperze, MAL Samog\u0142oska<\/figcaption><\/figure><\/div><div class=\"swiper-slide\" role=\"group\" aria-roledescription=\"slide\" aria-label=\"7 of 9\"><figure class=\"swiper-slide-inner\"><img decoding=\"async\" class=\"swiper-slide-image\" src=\"https:\/\/martynacraft.com\/wp-content\/uploads\/2024\/08\/nietoperz-6-2_3-W-768x512.jpg\" alt=\"Warsztaty nietoperze, MAL Samog\u0142oska\" \/><figcaption class=\"elementor-image-carousel-caption\">Warsztaty nietoperze, MAL Samog\u0142oska<\/figcaption><\/figure><\/div><div class=\"swiper-slide\" role=\"group\" aria-roledescription=\"slide\" aria-label=\"8 of 9\"><figure class=\"swiper-slide-inner\"><img decoding=\"async\" class=\"swiper-slide-image\" src=\"https:\/\/martynacraft.com\/wp-content\/uploads\/2024\/08\/nietoperz-2-2_3-W-768x512.jpg\" alt=\"Warsztaty nietoperze, MAL Samog\u0142oska\" \/><figcaption class=\"elementor-image-carousel-caption\">Warsztaty nietoperze, MAL Samog\u0142oska<\/figcaption><\/figure><\/div><div class=\"swiper-slide\" role=\"group\" aria-roledescription=\"slide\" aria-label=\"9 of 9\"><figure class=\"swiper-slide-inner\"><img decoding=\"async\" class=\"swiper-slide-image\" src=\"https:\/\/martynacraft.com\/wp-content\/uploads\/2024\/07\/nieoperze-3-2_3-w-768x512.jpg\" alt=\"Warsztaty nietoperze, MAL Samog\u0142oska\" \/><figcaption class=\"elementor-image-carousel-caption\">Warsztaty nietoperze, MAL Samog\u0142oska<\/figcaption><\/figure><\/div>\t\t\t<\/div>\n\t\t\t\t\t\t\t\t\t\t\t\t<div class=\"elementor-swiper-button elementor-swiper-button-prev\" role=\"button\" tabindex=\"0\">\n\t\t\t\t\t\t<svg aria-hidden=\"true\" class=\"e-font-icon-svg e-eicon-chevron-left\" viewBox=\"0 0 1000 1000\" xmlns=\"http:\/\/www.w3.org\/2000\/svg\"><path d=\"M646 125C629 125 613 133 604 142L308 442C296 454 292 471 292 487 292 504 296 521 308 533L604 854C617 867 629 875 646 875 663 875 679 871 692 858 704 846 713 829 713 812 713 796 708 779 692 767L438 487 692 225C700 217 708 204 708 187 708 171 704 154 692 142 675 129 663 125 646 125Z\"><\/path><\/svg>\t\t\t\t\t<\/div>\n\t\t\t\t\t<div class=\"elementor-swiper-button elementor-swiper-button-next\" role=\"button\" tabindex=\"0\">\n\t\t\t\t\t\t<svg aria-hidden=\"true\" class=\"e-font-icon-svg e-eicon-chevron-right\" viewBox=\"0 0 1000 1000\" xmlns=\"http:\/\/www.w3.org\/2000\/svg\"><path d=\"M696 533C708 521 713 504 713 487 713 471 708 454 696 446L400 146C388 133 375 125 354 125 338 125 325 129 313 142 300 154 292 171 292 187 292 204 296 221 308 233L563 492 304 771C292 783 288 800 288 817 288 833 296 850 308 863 321 871 338 875 354 875 371 875 388 867 400 854L696 533Z\"><\/path><\/svg>\t\t\t\t\t<\/div>\n\t\t\t\t\n\t\t\t\t\t\t\t\t\t<div class=\"swiper-pagination\"><\/div>\n\t\t\t\t\t\t\t\t\t<\/div>\n\t\t\t\t\t\t<\/div>\n\t\t\t\t<\/div>\n\t\t\t\t<\/div>\n\t\t\t\t\t<\/div>\n\t\t\t\t<\/div>\n\t\t\t\t<\/div>\n\t\t","protected":false},"excerpt":{"rendered":"<p>Jesienne nietoperze Sznurkowe nietoperze s\u0105 troch\u0119 straszne, troch\u0119 urocze, ale przede wszystkim s\u0105 oryginalnym pomys\u0142em na Halloweenow\u0105 dekoracj\u0119. Na warsztatach uczestnicy poznaj\u0105 kilka podstawowych w\u0119z\u0142\u00f3w i zaplot\u0105 w\u0142asnego nietoperza! Du\u017co&hellip;&nbsp;<a href=\"https:\/\/martynacraft.com\/index.php\/nietoperze\/\" rel=\"bookmark\">Read More &raquo;<span class=\"screen-reader-text\">Nietoperze<\/span><\/a><\/p>\n","protected":false},"author":1,"featured_media":0,"parent":0,"menu_order":0,"comment_status":"closed","ping_status":"closed","template":"page-templates\/template-pagebuilder-full-width.php","meta":{"neve_meta_sidebar":"","neve_meta_container":"","neve_meta_enable_content_width":"","neve_meta_content_width":0,"neve_meta_title_alignment":"","neve_meta_author_avatar":"","neve_post_elements_order":"","neve_meta_disable_header":"","neve_meta_disable_footer":"","neve_meta_disable_title":"","footnotes":""},"class_list":["post-2117","page","type-page","status-publish","hentry"],"_links":{"self":[{"href":"https:\/\/martynacraft.com\/index.php\/wp-json\/wp\/v2\/pages\/2117","targetHints":{"allow":["GET"]}}],"collection":[{"href":"https:\/\/martynacraft.com\/index.php\/wp-json\/wp\/v2\/pages"}],"about":[{"href":"https:\/\/martynacraft.com\/index.php\/wp-json\/wp\/v2\/types\/page"}],"author":[{"embeddable":true,"href":"https:\/\/martynacraft.com\/index.php\/wp-json\/wp\/v2\/users\/1"}],"replies":[{"embeddable":true,"href":"https:\/\/martynacraft.com\/index.php\/wp-json\/wp\/v2\/comments?post=2117"}],"version-history":[{"count":20,"href":"https:\/\/martynacraft.com\/index.php\/wp-json\/wp\/v2\/pages\/2117\/revisions"}],"predecessor-version":[{"id":3441,"href":"https:\/\/martynacraft.com\/index.php\/wp-json\/wp\/v2\/pages\/2117\/revisions\/3441"}],"wp:attachment":[{"href":"https:\/\/martynacraft.com\/index.php\/wp-json\/wp\/v2\/media?parent=2117"}],"curies":[{"name":"wp","href":"https:\/\/api.w.org\/{rel}","templated":true}]}}